{"id":1302,"date":"2025-10-18T08:59:14","date_gmt":"2025-10-18T08:59:14","guid":{"rendered":"https:\/\/areladefe.com\/?post_type=product&#038;p=1302"},"modified":"2026-04-13T18:49:05","modified_gmt":"2026-04-13T18:49:05","slug":"olas-pendiente-movimiento-ouro","status":"publish","type":"product","link":"http:\/\/areladefe.com\/es\/producto\/olas-pendiente-movimiento-ouro\/","title":{"rendered":"Olas Pendiente Movimiento Oro"},"content":{"rendered":"<p>La colecci\u00f3n OLAS naci\u00f3 del deseo de capturar en plata ese momento en que el mar acaricia la orilla.<\/p>\n<p>Cada m\u00f3dulo del collar se asemeja a una peque\u00f1a ola, suave y luminosa, que te envuelve en un ligero abrazo.<\/p>\n<p>Os pendentes<strong>,<\/strong> pensados para xogar e combinar, poden lucirse cunha, d\u00faas ou tres pezas, como pequenas cristas de auga que bailan xunto ao rostro.<\/p>\n<p>Elaboradas artesanalmente y de dise\u00f1o atemporal, las joyas de OLAS son una invitaci\u00f3n a llevar contigo la calma y la fuerza del oc\u00e9ano en cada pieza.<\/p>","protected":false},"excerpt":{"rendered":"<p>Pendiente Ola movimiento<br \/>\nPresi\u00f3n plata brillo<br \/>\nOla 2micras de oro<\/p>","protected":false},"featured_media":375,"comment_status":"open","ping_status":"closed","template":"","meta":[],"product_brand":[],"product_cat":[24,32,29,33],"product_tag":[],"class_list":{"0":"post-1302","1":"product","2":"type-product","3":"status-publish","4":"has-post-thumbnail","6":"product_cat-olas","7":"product_cat-ouro","8":"product_cat-pendente","9":"product_cat-prata","11":"first","12":"instock","13":"shipping-taxable","14":"purchasable","15":"product-type-simple"},"yoast_head":"<!-- This site is optimized with the Yoast SEO plugin v27.4 - https:\/\/yoast.com\/product\/yoast-seo-wordpress\/ -->\n<title>Olas Pendente Movemento Ouro - ARELADEFE<\/title>\n<meta name=\"description\" content=\"A Colecci\u00f3n OLAS naceu do desexo de capturar en prata ese instante no que o mar acaricia a beira. A forza do mar en cada xoia, esencia do mar galego.\" \/>\n<meta name=\"robots\" content=\"index, follow, max-snippet:-1, max-image-preview:large, max-video-preview:-1\" \/>\n<link rel=\"canonical\" href=\"https:\/\/areladefe.com\/es\/producto\/olas-pendiente-movimiento-ouro\/\" \/>\n<meta property=\"og:locale\" content=\"es_ES\" \/>\n<meta property=\"og:type\" content=\"article\" \/>\n<meta property=\"og:title\" content=\"Olas Pendente Movemento Ouro - ARELADEFE\" \/>\n<meta property=\"og:description\" content=\"A Colecci\u00f3n OLAS naceu do desexo de capturar en prata ese instante no que o mar acaricia a beira. A forza do mar en cada xoia, esencia do mar galego.\" \/>\n<meta property=\"og:url\" content=\"https:\/\/areladefe.com\/es\/producto\/olas-pendiente-movimiento-ouro\/\" \/>\n<meta property=\"og:site_name\" content=\"ARELADEFE\" \/>\n<meta property=\"article:modified_time\" content=\"2026-04-13T18:49:05+00:00\" \/>\n<meta property=\"og:image\" content=\"https:\/\/areladefe.com\/wp-content\/uploads\/2025\/09\/pendientes-presion-o-mar-olas-oro-plata-frontal.webp.webp\" \/>\n\t<meta property=\"og:image:width\" content=\"1200\" \/>\n\t<meta property=\"og:image:height\" content=\"1200\" \/>\n\t<meta property=\"og:image:type\" content=\"image\/webp\" \/>\n<meta name=\"twitter:card\" content=\"summary_large_image\" \/>\n<meta name=\"twitter:label1\" content=\"Tiempo de lectura\" \/>\n\t<meta name=\"twitter:data1\" content=\"1 minuto\" \/>\n<script type=\"application\/ld+json\" class=\"yoast-schema-graph\">{\"@context\":\"https:\\\/\\\/schema.org\",\"@graph\":[{\"@type\":\"WebPage\",\"@id\":\"https:\\\/\\\/areladefe.com\\\/producto\\\/olas-pendiente-movimiento-ouro\\\/\",\"url\":\"https:\\\/\\\/areladefe.com\\\/producto\\\/olas-pendiente-movimiento-ouro\\\/\",\"name\":\"Olas Pendente Movemento Ouro - ARELADEFE\",\"isPartOf\":{\"@id\":\"https:\\\/\\\/areladefe.com\\\/#website\"},\"primaryImageOfPage\":{\"@id\":\"https:\\\/\\\/areladefe.com\\\/producto\\\/olas-pendiente-movimiento-ouro\\\/#primaryimage\"},\"image\":{\"@id\":\"https:\\\/\\\/areladefe.com\\\/producto\\\/olas-pendiente-movimiento-ouro\\\/#primaryimage\"},\"thumbnailUrl\":\"https:\\\/\\\/areladefe.com\\\/wp-content\\\/uploads\\\/2025\\\/09\\\/pendientes-presion-o-mar-olas-oro-plata-frontal.webp.webp\",\"datePublished\":\"2025-10-18T08:59:14+00:00\",\"dateModified\":\"2026-04-13T18:49:05+00:00\",\"description\":\"A Colecci\u00f3n OLAS naceu do desexo de capturar en prata ese instante no que o mar acaricia a beira. A forza do mar en cada xoia, esencia do mar galego.\",\"breadcrumb\":{\"@id\":\"https:\\\/\\\/areladefe.com\\\/producto\\\/olas-pendiente-movimiento-ouro\\\/#breadcrumb\"},\"inLanguage\":\"es\",\"potentialAction\":[{\"@type\":\"ReadAction\",\"target\":[\"https:\\\/\\\/areladefe.com\\\/producto\\\/olas-pendiente-movimiento-ouro\\\/\"]}]},{\"@type\":\"ImageObject\",\"inLanguage\":\"es\",\"@id\":\"https:\\\/\\\/areladefe.com\\\/producto\\\/olas-pendiente-movimiento-ouro\\\/#primaryimage\",\"url\":\"https:\\\/\\\/areladefe.com\\\/wp-content\\\/uploads\\\/2025\\\/09\\\/pendientes-presion-o-mar-olas-oro-plata-frontal.webp.webp\",\"contentUrl\":\"https:\\\/\\\/areladefe.com\\\/wp-content\\\/uploads\\\/2025\\\/09\\\/pendientes-presion-o-mar-olas-oro-plata-frontal.webp.webp\",\"width\":1200,\"height\":1200,\"caption\":\"Olas Pendiente Movimiento Ouro\"},{\"@type\":\"BreadcrumbList\",\"@id\":\"https:\\\/\\\/areladefe.com\\\/producto\\\/olas-pendiente-movimiento-ouro\\\/#breadcrumb\",\"itemListElement\":[{\"@type\":\"ListItem\",\"position\":1,\"name\":\"Portada\",\"item\":\"https:\\\/\\\/areladefe.com\\\/\"},{\"@type\":\"ListItem\",\"position\":2,\"name\":\"Tienda\",\"item\":\"https:\\\/\\\/areladefe.com\\\/tienda\\\/\"},{\"@type\":\"ListItem\",\"position\":3,\"name\":\"Olas Pendente Movemento Ouro\"}]},{\"@type\":\"WebSite\",\"@id\":\"https:\\\/\\\/areladefe.com\\\/#website\",\"url\":\"https:\\\/\\\/areladefe.com\\\/\",\"name\":\"ARELADEFE\",\"description\":\"Xoier\u00eda creativa\",\"publisher\":{\"@id\":\"https:\\\/\\\/areladefe.com\\\/#organization\"},\"potentialAction\":[{\"@type\":\"SearchAction\",\"target\":{\"@type\":\"EntryPoint\",\"urlTemplate\":\"https:\\\/\\\/areladefe.com\\\/?s={search_term_string}\"},\"query-input\":{\"@type\":\"PropertyValueSpecification\",\"valueRequired\":true,\"valueName\":\"search_term_string\"}}],\"inLanguage\":\"es\"},{\"@type\":\"Organization\",\"@id\":\"https:\\\/\\\/areladefe.com\\\/#organization\",\"name\":\"ARELADEFE\",\"url\":\"https:\\\/\\\/areladefe.com\\\/\",\"logo\":{\"@type\":\"ImageObject\",\"inLanguage\":\"es\",\"@id\":\"https:\\\/\\\/areladefe.com\\\/#\\\/schema\\\/logo\\\/image\\\/\",\"url\":\"https:\\\/\\\/areladefe.com\\\/wp-content\\\/uploads\\\/2025\\\/10\\\/areladefe-xoieria-creativa-logo-color.png\",\"contentUrl\":\"https:\\\/\\\/areladefe.com\\\/wp-content\\\/uploads\\\/2025\\\/10\\\/areladefe-xoieria-creativa-logo-color.png\",\"width\":11811,\"height\":6377,\"caption\":\"ARELADEFE\"},\"image\":{\"@id\":\"https:\\\/\\\/areladefe.com\\\/#\\\/schema\\\/logo\\\/image\\\/\"},\"sameAs\":[\"https:\\\/\\\/www.instagram.com\\\/areladefe\\\/\"]}]}<\/script>\n<!-- \/ Yoast SEO plugin. -->","yoast_head_json":{"title":"Olas Pendente Movemento Ouro - ARELADEFE","description":"A Colecci\u00f3n OLAS naceu do desexo de capturar en prata ese instante no que o mar acaricia a beira. A forza do mar en cada xoia, esencia do mar galego.","robots":{"index":"index","follow":"follow","max-snippet":"max-snippet:-1","max-image-preview":"max-image-preview:large","max-video-preview":"max-video-preview:-1"},"canonical":"https:\/\/areladefe.com\/es\/producto\/olas-pendiente-movimiento-ouro\/","og_locale":"es_ES","og_type":"article","og_title":"Olas Pendente Movemento Ouro - ARELADEFE","og_description":"A Colecci\u00f3n OLAS naceu do desexo de capturar en prata ese instante no que o mar acaricia a beira. A forza do mar en cada xoia, esencia do mar galego.","og_url":"https:\/\/areladefe.com\/es\/producto\/olas-pendiente-movimiento-ouro\/","og_site_name":"ARELADEFE","article_modified_time":"2026-04-13T18:49:05+00:00","og_image":[{"width":1200,"height":1200,"url":"https:\/\/areladefe.com\/wp-content\/uploads\/2025\/09\/pendientes-presion-o-mar-olas-oro-plata-frontal.webp.webp","type":"image\/webp"}],"twitter_card":"summary_large_image","twitter_misc":{"Tiempo de lectura":"1 minuto"},"schema":{"@context":"https:\/\/schema.org","@graph":[{"@type":"WebPage","@id":"https:\/\/areladefe.com\/producto\/olas-pendiente-movimiento-ouro\/","url":"https:\/\/areladefe.com\/producto\/olas-pendiente-movimiento-ouro\/","name":"Olas Pendente Movemento Ouro - ARELADEFE","isPartOf":{"@id":"https:\/\/areladefe.com\/#website"},"primaryImageOfPage":{"@id":"https:\/\/areladefe.com\/producto\/olas-pendiente-movimiento-ouro\/#primaryimage"},"image":{"@id":"https:\/\/areladefe.com\/producto\/olas-pendiente-movimiento-ouro\/#primaryimage"},"thumbnailUrl":"https:\/\/areladefe.com\/wp-content\/uploads\/2025\/09\/pendientes-presion-o-mar-olas-oro-plata-frontal.webp.webp","datePublished":"2025-10-18T08:59:14+00:00","dateModified":"2026-04-13T18:49:05+00:00","description":"A Colecci\u00f3n OLAS naceu do desexo de capturar en prata ese instante no que o mar acaricia a beira. A forza do mar en cada xoia, esencia do mar galego.","breadcrumb":{"@id":"https:\/\/areladefe.com\/producto\/olas-pendiente-movimiento-ouro\/#breadcrumb"},"inLanguage":"es","potentialAction":[{"@type":"ReadAction","target":["https:\/\/areladefe.com\/producto\/olas-pendiente-movimiento-ouro\/"]}]},{"@type":"ImageObject","inLanguage":"es","@id":"https:\/\/areladefe.com\/producto\/olas-pendiente-movimiento-ouro\/#primaryimage","url":"https:\/\/areladefe.com\/wp-content\/uploads\/2025\/09\/pendientes-presion-o-mar-olas-oro-plata-frontal.webp.webp","contentUrl":"https:\/\/areladefe.com\/wp-content\/uploads\/2025\/09\/pendientes-presion-o-mar-olas-oro-plata-frontal.webp.webp","width":1200,"height":1200,"caption":"Olas Pendiente Movimiento Ouro"},{"@type":"BreadcrumbList","@id":"https:\/\/areladefe.com\/producto\/olas-pendiente-movimiento-ouro\/#breadcrumb","itemListElement":[{"@type":"ListItem","position":1,"name":"Portada","item":"https:\/\/areladefe.com\/"},{"@type":"ListItem","position":2,"name":"Tienda","item":"https:\/\/areladefe.com\/tienda\/"},{"@type":"ListItem","position":3,"name":"Olas Pendente Movemento Ouro"}]},{"@type":"WebSite","@id":"https:\/\/areladefe.com\/#website","url":"https:\/\/areladefe.com\/","name":"ARELADEFE","description":"Joyer\u00eda creativa","publisher":{"@id":"https:\/\/areladefe.com\/#organization"},"potentialAction":[{"@type":"SearchAction","target":{"@type":"EntryPoint","urlTemplate":"https:\/\/areladefe.com\/?s={search_term_string}"},"query-input":{"@type":"PropertyValueSpecification","valueRequired":true,"valueName":"search_term_string"}}],"inLanguage":"es"},{"@type":"Organization","@id":"https:\/\/areladefe.com\/#organization","name":"ARELADEFE","url":"https:\/\/areladefe.com\/","logo":{"@type":"ImageObject","inLanguage":"es","@id":"https:\/\/areladefe.com\/#\/schema\/logo\/image\/","url":"https:\/\/areladefe.com\/wp-content\/uploads\/2025\/10\/areladefe-xoieria-creativa-logo-color.png","contentUrl":"https:\/\/areladefe.com\/wp-content\/uploads\/2025\/10\/areladefe-xoieria-creativa-logo-color.png","width":11811,"height":6377,"caption":"ARELADEFE"},"image":{"@id":"https:\/\/areladefe.com\/#\/schema\/logo\/image\/"},"sameAs":["https:\/\/www.instagram.com\/areladefe\/"]}]}},"_links":{"self":[{"href":"http:\/\/areladefe.com\/es\/wp-json\/wp\/v2\/product\/1302","targetHints":{"allow":["GET"]}}],"collection":[{"href":"http:\/\/areladefe.com\/es\/wp-json\/wp\/v2\/product"}],"about":[{"href":"http:\/\/areladefe.com\/es\/wp-json\/wp\/v2\/types\/product"}],"replies":[{"embeddable":true,"href":"http:\/\/areladefe.com\/es\/wp-json\/wp\/v2\/comments?post=1302"}],"version-history":[{"count":3,"href":"http:\/\/areladefe.com\/es\/wp-json\/wp\/v2\/product\/1302\/revisions"}],"predecessor-version":[{"id":1720,"href":"http:\/\/areladefe.com\/es\/wp-json\/wp\/v2\/product\/1302\/revisions\/1720"}],"wp:featuredmedia":[{"embeddable":true,"href":"http:\/\/areladefe.com\/es\/wp-json\/wp\/v2\/media\/375"}],"wp:attachment":[{"href":"http:\/\/areladefe.com\/es\/wp-json\/wp\/v2\/media?parent=1302"}],"wp:term":[{"taxonomy":"product_brand","embeddable":true,"href":"http:\/\/areladefe.com\/es\/wp-json\/wp\/v2\/product_brand?post=1302"},{"taxonomy":"product_cat","embeddable":true,"href":"http:\/\/areladefe.com\/es\/wp-json\/wp\/v2\/product_cat?post=1302"},{"taxonomy":"product_tag","embeddable":true,"href":"http:\/\/areladefe.com\/es\/wp-json\/wp\/v2\/product_tag?post=1302"}],"curies":[{"name":"wp","href":"https:\/\/api.w.org\/{rel}","templated":true}]}}