{"id":1580,"date":"2025-11-17T16:31:12","date_gmt":"2025-11-17T16:31:12","guid":{"rendered":"https:\/\/areladefe.com\/?post_type=product&#038;p=1580"},"modified":"2026-04-13T17:53:38","modified_gmt":"2026-04-13T17:53:38","slug":"97-colar-ceramica-pel-branco-negro-7","status":"publish","type":"product","link":"http:\/\/areladefe.com\/es\/producto\/97-colar-ceramica-pel-branco-negro-7\/","title":{"rendered":"97\u00b0 Collar Cer\u00e1mica-Cuero Blanco-Negro 7"},"content":{"rendered":"<p>Esta colecci\u00f3n naci\u00f3 de un encuentro fortuito, un descubrimiento inesperado. Cer\u00e1mica industrial con historia. Estas piezas de cer\u00e1mica nacieron en 1997 en una f\u00e1brica del Baixo Mi\u00f1o, As Cachadas. Con ellas cre\u00e9 esta colecci\u00f3n donde tradici\u00f3n y contemporaneidad se fusionan, y el cuero natural sirve de soporte para lucir joyas elegantes e innovadoras a la vez.<\/p>","protected":false},"excerpt":{"rendered":"<p>Collar 97\u00b0. Cer\u00e1mica y cuero negro de 1 cm.<\/p>\n<p>Largo: 50cm aprox. Ancho 8cm. Color blanco y negro. 7 piezas<\/p>","protected":false},"featured_media":1547,"comment_status":"open","ping_status":"closed","template":"","meta":[],"product_brand":[],"product_cat":[44,30],"product_tag":[],"class_list":{"0":"post-1580","1":"product","2":"type-product","3":"status-publish","4":"has-post-thumbnail","6":"product_cat-44","7":"product_cat-colgante","9":"first","10":"instock","11":"shipping-taxable","12":"purchasable","13":"product-type-simple"},"yoast_head":"<!-- This site is optimized with the Yoast SEO plugin v27.4 - https:\/\/yoast.com\/product\/yoast-seo-wordpress\/ -->\n<title>97\u00b0 Colar Cer\u00e1mica-Pel Branco-Negro 7 - ARELADEFE<\/title>\n<meta name=\"robots\" content=\"index, follow, max-snippet:-1, max-image-preview:large, max-video-preview:-1\" \/>\n<link rel=\"canonical\" href=\"https:\/\/areladefe.com\/es\/producto\/97-colar-ceramica-pel-branco-negro-7\/\" \/>\n<meta property=\"og:locale\" content=\"es_ES\" \/>\n<meta property=\"og:type\" content=\"article\" \/>\n<meta property=\"og:title\" content=\"97\u00b0 Colar Cer\u00e1mica-Pel Branco-Negro 7 - ARELADEFE\" \/>\n<meta property=\"og:description\" content=\"Colar 97\u00b0. Cer\u00e1mica e pel de cor negro 1cm.  Lonxitude aprox. 50cm. Anchura 8cm. Cor branco e negro, 7 pezas.\" \/>\n<meta property=\"og:url\" content=\"https:\/\/areladefe.com\/es\/producto\/97-colar-ceramica-pel-branco-negro-7\/\" \/>\n<meta property=\"og:site_name\" content=\"ARELADEFE\" \/>\n<meta property=\"article:modified_time\" content=\"2026-04-13T17:53:38+00:00\" \/>\n<meta property=\"og:image\" content=\"https:\/\/areladefe.com\/wp-content\/uploads\/2025\/11\/negro_blanco_principal_opcion_uno.webp\" \/>\n\t<meta property=\"og:image:width\" content=\"1200\" \/>\n\t<meta property=\"og:image:height\" content=\"1200\" \/>\n\t<meta property=\"og:image:type\" content=\"image\/webp\" \/>\n<meta name=\"twitter:card\" content=\"summary_large_image\" \/>\n<meta name=\"twitter:label1\" content=\"Tiempo de lectura\" \/>\n\t<meta name=\"twitter:data1\" content=\"1 minuto\" \/>\n<script type=\"application\/ld+json\" class=\"yoast-schema-graph\">{\"@context\":\"https:\\\/\\\/schema.org\",\"@graph\":[{\"@type\":\"WebPage\",\"@id\":\"https:\\\/\\\/areladefe.com\\\/producto\\\/97-colar-ceramica-pel-branco-negro-7\\\/\",\"url\":\"https:\\\/\\\/areladefe.com\\\/producto\\\/97-colar-ceramica-pel-branco-negro-7\\\/\",\"name\":\"97\u00b0 Colar Cer\u00e1mica-Pel Branco-Negro 7 - ARELADEFE\",\"isPartOf\":{\"@id\":\"https:\\\/\\\/areladefe.com\\\/#website\"},\"primaryImageOfPage\":{\"@id\":\"https:\\\/\\\/areladefe.com\\\/producto\\\/97-colar-ceramica-pel-branco-negro-7\\\/#primaryimage\"},\"image\":{\"@id\":\"https:\\\/\\\/areladefe.com\\\/producto\\\/97-colar-ceramica-pel-branco-negro-7\\\/#primaryimage\"},\"thumbnailUrl\":\"https:\\\/\\\/areladefe.com\\\/wp-content\\\/uploads\\\/2025\\\/11\\\/negro_blanco_principal_opcion_uno.webp\",\"datePublished\":\"2025-11-17T16:31:12+00:00\",\"dateModified\":\"2026-04-13T17:53:38+00:00\",\"breadcrumb\":{\"@id\":\"https:\\\/\\\/areladefe.com\\\/producto\\\/97-colar-ceramica-pel-branco-negro-7\\\/#breadcrumb\"},\"inLanguage\":\"es\",\"potentialAction\":[{\"@type\":\"ReadAction\",\"target\":[\"https:\\\/\\\/areladefe.com\\\/producto\\\/97-colar-ceramica-pel-branco-negro-7\\\/\"]}]},{\"@type\":\"ImageObject\",\"inLanguage\":\"es\",\"@id\":\"https:\\\/\\\/areladefe.com\\\/producto\\\/97-colar-ceramica-pel-branco-negro-7\\\/#primaryimage\",\"url\":\"https:\\\/\\\/areladefe.com\\\/wp-content\\\/uploads\\\/2025\\\/11\\\/negro_blanco_principal_opcion_uno.webp\",\"contentUrl\":\"https:\\\/\\\/areladefe.com\\\/wp-content\\\/uploads\\\/2025\\\/11\\\/negro_blanco_principal_opcion_uno.webp\",\"width\":1200,\"height\":1200},{\"@type\":\"BreadcrumbList\",\"@id\":\"https:\\\/\\\/areladefe.com\\\/producto\\\/97-colar-ceramica-pel-branco-negro-7\\\/#breadcrumb\",\"itemListElement\":[{\"@type\":\"ListItem\",\"position\":1,\"name\":\"Portada\",\"item\":\"https:\\\/\\\/areladefe.com\\\/\"},{\"@type\":\"ListItem\",\"position\":2,\"name\":\"Tienda\",\"item\":\"https:\\\/\\\/areladefe.com\\\/tienda\\\/\"},{\"@type\":\"ListItem\",\"position\":3,\"name\":\"97\u00b0 Colar Cer\u00e1mica-Pel Branco-Negro 7\"}]},{\"@type\":\"WebSite\",\"@id\":\"https:\\\/\\\/areladefe.com\\\/#website\",\"url\":\"https:\\\/\\\/areladefe.com\\\/\",\"name\":\"ARELADEFE\",\"description\":\"Xoier\u00eda creativa\",\"publisher\":{\"@id\":\"https:\\\/\\\/areladefe.com\\\/#organization\"},\"potentialAction\":[{\"@type\":\"SearchAction\",\"target\":{\"@type\":\"EntryPoint\",\"urlTemplate\":\"https:\\\/\\\/areladefe.com\\\/?s={search_term_string}\"},\"query-input\":{\"@type\":\"PropertyValueSpecification\",\"valueRequired\":true,\"valueName\":\"search_term_string\"}}],\"inLanguage\":\"es\"},{\"@type\":\"Organization\",\"@id\":\"https:\\\/\\\/areladefe.com\\\/#organization\",\"name\":\"ARELADEFE\",\"url\":\"https:\\\/\\\/areladefe.com\\\/\",\"logo\":{\"@type\":\"ImageObject\",\"inLanguage\":\"es\",\"@id\":\"https:\\\/\\\/areladefe.com\\\/#\\\/schema\\\/logo\\\/image\\\/\",\"url\":\"https:\\\/\\\/areladefe.com\\\/wp-content\\\/uploads\\\/2025\\\/10\\\/areladefe-xoieria-creativa-logo-color.png\",\"contentUrl\":\"https:\\\/\\\/areladefe.com\\\/wp-content\\\/uploads\\\/2025\\\/10\\\/areladefe-xoieria-creativa-logo-color.png\",\"width\":11811,\"height\":6377,\"caption\":\"ARELADEFE\"},\"image\":{\"@id\":\"https:\\\/\\\/areladefe.com\\\/#\\\/schema\\\/logo\\\/image\\\/\"},\"sameAs\":[\"https:\\\/\\\/www.instagram.com\\\/areladefe\\\/\"]}]}<\/script>\n<!-- \/ Yoast SEO plugin. -->","yoast_head_json":{"title":"97\u00b0 Colar Cer\u00e1mica-Pel Branco-Negro 7 - ARELADEFE","robots":{"index":"index","follow":"follow","max-snippet":"max-snippet:-1","max-image-preview":"max-image-preview:large","max-video-preview":"max-video-preview:-1"},"canonical":"https:\/\/areladefe.com\/es\/producto\/97-colar-ceramica-pel-branco-negro-7\/","og_locale":"es_ES","og_type":"article","og_title":"97\u00b0 Colar Cer\u00e1mica-Pel Branco-Negro 7 - ARELADEFE","og_description":"Colar 97\u00b0. Cer\u00e1mica e pel de cor negro 1cm.  Lonxitude aprox. 50cm. Anchura 8cm. Cor branco e negro, 7 pezas.","og_url":"https:\/\/areladefe.com\/es\/producto\/97-colar-ceramica-pel-branco-negro-7\/","og_site_name":"ARELADEFE","article_modified_time":"2026-04-13T17:53:38+00:00","og_image":[{"width":1200,"height":1200,"url":"https:\/\/areladefe.com\/wp-content\/uploads\/2025\/11\/negro_blanco_principal_opcion_uno.webp","type":"image\/webp"}],"twitter_card":"summary_large_image","twitter_misc":{"Tiempo de lectura":"1 minuto"},"schema":{"@context":"https:\/\/schema.org","@graph":[{"@type":"WebPage","@id":"https:\/\/areladefe.com\/producto\/97-colar-ceramica-pel-branco-negro-7\/","url":"https:\/\/areladefe.com\/producto\/97-colar-ceramica-pel-branco-negro-7\/","name":"97\u00b0 Colar Cer\u00e1mica-Pel Branco-Negro 7 - ARELADEFE","isPartOf":{"@id":"https:\/\/areladefe.com\/#website"},"primaryImageOfPage":{"@id":"https:\/\/areladefe.com\/producto\/97-colar-ceramica-pel-branco-negro-7\/#primaryimage"},"image":{"@id":"https:\/\/areladefe.com\/producto\/97-colar-ceramica-pel-branco-negro-7\/#primaryimage"},"thumbnailUrl":"https:\/\/areladefe.com\/wp-content\/uploads\/2025\/11\/negro_blanco_principal_opcion_uno.webp","datePublished":"2025-11-17T16:31:12+00:00","dateModified":"2026-04-13T17:53:38+00:00","breadcrumb":{"@id":"https:\/\/areladefe.com\/producto\/97-colar-ceramica-pel-branco-negro-7\/#breadcrumb"},"inLanguage":"es","potentialAction":[{"@type":"ReadAction","target":["https:\/\/areladefe.com\/producto\/97-colar-ceramica-pel-branco-negro-7\/"]}]},{"@type":"ImageObject","inLanguage":"es","@id":"https:\/\/areladefe.com\/producto\/97-colar-ceramica-pel-branco-negro-7\/#primaryimage","url":"https:\/\/areladefe.com\/wp-content\/uploads\/2025\/11\/negro_blanco_principal_opcion_uno.webp","contentUrl":"https:\/\/areladefe.com\/wp-content\/uploads\/2025\/11\/negro_blanco_principal_opcion_uno.webp","width":1200,"height":1200},{"@type":"BreadcrumbList","@id":"https:\/\/areladefe.com\/producto\/97-colar-ceramica-pel-branco-negro-7\/#breadcrumb","itemListElement":[{"@type":"ListItem","position":1,"name":"Portada","item":"https:\/\/areladefe.com\/"},{"@type":"ListItem","position":2,"name":"Tienda","item":"https:\/\/areladefe.com\/tienda\/"},{"@type":"ListItem","position":3,"name":"97\u00b0 Colar Cer\u00e1mica-Pel Branco-Negro 7"}]},{"@type":"WebSite","@id":"https:\/\/areladefe.com\/#website","url":"https:\/\/areladefe.com\/","name":"ARELADEFE","description":"Joyer\u00eda creativa","publisher":{"@id":"https:\/\/areladefe.com\/#organization"},"potentialAction":[{"@type":"SearchAction","target":{"@type":"EntryPoint","urlTemplate":"https:\/\/areladefe.com\/?s={search_term_string}"},"query-input":{"@type":"PropertyValueSpecification","valueRequired":true,"valueName":"search_term_string"}}],"inLanguage":"es"},{"@type":"Organization","@id":"https:\/\/areladefe.com\/#organization","name":"ARELADEFE","url":"https:\/\/areladefe.com\/","logo":{"@type":"ImageObject","inLanguage":"es","@id":"https:\/\/areladefe.com\/#\/schema\/logo\/image\/","url":"https:\/\/areladefe.com\/wp-content\/uploads\/2025\/10\/areladefe-xoieria-creativa-logo-color.png","contentUrl":"https:\/\/areladefe.com\/wp-content\/uploads\/2025\/10\/areladefe-xoieria-creativa-logo-color.png","width":11811,"height":6377,"caption":"ARELADEFE"},"image":{"@id":"https:\/\/areladefe.com\/#\/schema\/logo\/image\/"},"sameAs":["https:\/\/www.instagram.com\/areladefe\/"]}]}},"_links":{"self":[{"href":"http:\/\/areladefe.com\/es\/wp-json\/wp\/v2\/product\/1580","targetHints":{"allow":["GET"]}}],"collection":[{"href":"http:\/\/areladefe.com\/es\/wp-json\/wp\/v2\/product"}],"about":[{"href":"http:\/\/areladefe.com\/es\/wp-json\/wp\/v2\/types\/product"}],"replies":[{"embeddable":true,"href":"http:\/\/areladefe.com\/es\/wp-json\/wp\/v2\/comments?post=1580"}],"version-history":[{"count":3,"href":"http:\/\/areladefe.com\/es\/wp-json\/wp\/v2\/product\/1580\/revisions"}],"predecessor-version":[{"id":1704,"href":"http:\/\/areladefe.com\/es\/wp-json\/wp\/v2\/product\/1580\/revisions\/1704"}],"wp:featuredmedia":[{"embeddable":true,"href":"http:\/\/areladefe.com\/es\/wp-json\/wp\/v2\/media\/1547"}],"wp:attachment":[{"href":"http:\/\/areladefe.com\/es\/wp-json\/wp\/v2\/media?parent=1580"}],"wp:term":[{"taxonomy":"product_brand","embeddable":true,"href":"http:\/\/areladefe.com\/es\/wp-json\/wp\/v2\/product_brand?post=1580"},{"taxonomy":"product_cat","embeddable":true,"href":"http:\/\/areladefe.com\/es\/wp-json\/wp\/v2\/product_cat?post=1580"},{"taxonomy":"product_tag","embeddable":true,"href":"http:\/\/areladefe.com\/es\/wp-json\/wp\/v2\/product_tag?post=1580"}],"curies":[{"name":"wp","href":"https:\/\/api.w.org\/{rel}","templated":true}]}}