{"id":1329,"date":"2025-10-18T09:42:47","date_gmt":"2025-10-18T09:42:47","guid":{"rendered":"https:\/\/areladefe.com\/?page_id=1329"},"modified":"2025-10-18T09:59:48","modified_gmt":"2025-10-18T09:59:48","slug":"politica-de-privacidad","status":"publish","type":"page","link":"https:\/\/areladefe.com\/es\/politica-de-privacidad\/","title":{"rendered":"Pol\u00edtica de privacidad"},"content":{"rendered":"<div data-elementor-type=\"wp-page\" data-elementor-id=\"1329\" class=\"elementor elementor-1329\" data-elementor-post-type=\"page\">\n\t\t\t\t<div class=\"elementor-element elementor-element-a0cdae2 e-flex e-con-boxed e-con e-parent\" data-id=\"a0cdae2\" data-element_type=\"container\" data-e-type=\"container\">\n\t\t\t\t\t<div class=\"e-con-inner\">\n\t\t\t\t<div class=\"elementor-element elementor-element-25129a5 elementor-widget elementor-widget-text-editor\" data-id=\"25129a5\" data-element_type=\"widget\" data-e-type=\"widget\" data-widget_type=\"text-editor.default\">\n\t\t\t\t\t\t\t\t\t<p><span class=\"HwtZe\" lang=\"gl\"><span class=\"jCAhz ChMk0b\"><span class=\"ryNqvb\">POL\u00cdTICA DE PRIVACIDADE<\/span><\/span><\/span><\/p><p><span class=\"HwtZe\" lang=\"gl\"><span class=\"jCAhz ChMk0b\"><span class=\"ryNqvb\">Esta pol\u00edtica de privacidade describe como se recollen, utilizan e protexen os datos persoais que proporciona ao usar esta tenda en li\u00f1a.<\/span><\/span> <\/span><\/p><p>\u00a0<\/p><p><span class=\"HwtZe\" lang=\"gl\"><span class=\"jCAhz ChMk0b\"><span class=\"ryNqvb\">1. Controlador de datos Propietario: areladefe.com<\/span><\/span><\/span><\/p><p><span class=\"HwtZe\" lang=\"gl\"><span class=\"jCAhz ChMk0b\"><span class=\"ryNqvb\"> Correo electr\u00f3nico de contacto: info@areladefe.com<\/span><\/span><\/span><\/p><p><span class=\"HwtZe\" lang=\"gl\"><span class=\"jCAhz ChMk0b\"><span class=\"ryNqvb\"> Actividade: Venda de xoier\u00eda<\/span><\/span><\/span><\/p><p>\u00a0<\/p><p><span class=\"HwtZe\" lang=\"gl\"><span class=\"jCAhz ChMk0b\"><span class=\"ryNqvb\">2. Datos persoais recollidos<\/span><\/span><\/span><\/p><p><span class=\"HwtZe\" lang=\"gl\"><span class=\"jCAhz ChMk0b\"><span class=\"ryNqvb\"> Cando realizas unha compra, contactas connosco ou te subscribes ao bolet\u00edn informativo, podemos recoller: <\/span><\/span><\/span><\/p><p><span class=\"HwtZe\" lang=\"gl\"><span class=\"jCAhz ChMk0b\"><span class=\"ryNqvb\">Nome e apelidos <\/span><\/span><\/span><\/p><p><span class=\"HwtZe\" lang=\"gl\"><span class=\"jCAhz ChMk0b\"><span class=\"ryNqvb\">Enderezo postal e de entrega <\/span><\/span><\/span><\/p><p><span class=\"HwtZe\" lang=\"gl\"><span class=\"jCAhz ChMk0b\"><span class=\"ryNqvb\">Enderezo de correo electr\u00f3nico <\/span><\/span><\/span><\/p><p><span class=\"HwtZe\" lang=\"gl\"><span class=\"jCAhz ChMk0b\"><span class=\"ryNqvb\">N\u00famero de tel\u00e9fono (opcional para a entrega de produtos) <\/span><\/span><\/span><\/p><p><span class=\"HwtZe\" lang=\"gl\"><span class=\"jCAhz ChMk0b\"><span class=\"ryNqvb\">Informaci\u00f3n de pagamento (procesada de forma segura a trav\u00e9s de pasarelas externas de Stripe e PayPal; non almacenada nos nosos servidores) <\/span><\/span><\/span><\/p><p>\u00a0<\/p><p><span class=\"HwtZe\" lang=\"gl\"><span class=\"jCAhz ChMk0b\"><span class=\"ryNqvb\">3. Finalidade do tratamento <\/span><\/span><\/span><\/p><p><span class=\"HwtZe\" lang=\"gl\"><span class=\"jCAhz ChMk0b\"><span class=\"ryNqvb\">Os datos util\u00edzanse exclusivamente para: <\/span><\/span><\/span><\/p><p><span class=\"HwtZe\" lang=\"gl\"><span class=\"jCAhz ChMk0b\"><span class=\"ryNqvb\">Xestionar o teu pedido e env\u00edo <\/span><\/span><\/span><\/p><p><span class=\"HwtZe\" lang=\"gl\"><span class=\"jCAhz ChMk0b\"><span class=\"ryNqvb\">Emitir facturas ou recibos de compra <\/span><\/span><\/span><\/p><p><span class=\"HwtZe\" lang=\"gl\"><span class=\"jCAhz ChMk0b\"><span class=\"ryNqvb\">Contactar contigo en caso de incidencias ou seguimento <\/span><\/span><\/span><\/p><p><span class=\"HwtZe\" lang=\"gl\"><span class=\"jCAhz ChMk0b\"><span class=\"ryNqvb\">Enviarche comunicaci\u00f3ns relacionadas coa t\u00faa compra <\/span><\/span><\/span><\/p><p><span class=\"HwtZe\" lang=\"gl\"><span class=\"jCAhz ChMk0b\"><span class=\"ryNqvb\">Enviarche informaci\u00f3n sobre novos produtos se te subscribiches voluntariamente ao bolet\u00edn informativo (podes cancelar a subscrici\u00f3n en calquera momento) <\/span><\/span><\/span><\/p><p>\u00a0<\/p><p><span class=\"HwtZe\" lang=\"gl\"><span class=\"jCAhz ChMk0b\"><span class=\"ryNqvb\">4. Lexitimidade <\/span><\/span><\/span><\/p><p><span class=\"HwtZe\" lang=\"gl\"><span class=\"jCAhz ChMk0b\"><span class=\"ryNqvb\">O tratamento bas\u00e9ase no consentimento expl\u00edcito que outorgas ao completar o formulario de compra ou subscribirte ao bolet\u00edn informativo, as\u00ed como na necesidade contractual de procesar os teus pedidos.<\/span><\/span> <\/span><\/p><p>\u00a0<\/p><p><span class=\"HwtZe\" lang=\"gl\"><span class=\"jCAhz\"><span class=\"ryNqvb\">5. Cesi\u00f3n de datos a terceiros <\/span><\/span><\/span><\/p><p><span class=\"HwtZe\" lang=\"gl\"><span class=\"jCAhz\"><span class=\"ryNqvb\">Os datos non se comparten con terceiros, ag\u00e1s: <\/span><\/span><\/span><\/p><p><span class=\"HwtZe\" lang=\"gl\"><span class=\"jCAhz\"><span class=\"ryNqvb\">Servizos de mensaxer\u00eda e env\u00edo <\/span><\/span><\/span><\/p><p><span class=\"HwtZe\" lang=\"gl\"><span class=\"jCAhz\"><span class=\"ryNqvb\">Provedores de pagamentos (Stripe, PayPal ou outros) <\/span><\/span><\/span><\/p><p><span class=\"HwtZe\" lang=\"gl\"><span class=\"jCAhz\"><span class=\"ryNqvb\">Obrigas legais coa Axencia Tributaria ou outros organismos, se \u00e9 o caso <\/span><\/span><\/span><\/p><p><span class=\"HwtZe\" lang=\"gl\"><span class=\"jCAhz\"><span class=\"ryNqvb\">Estes terceiros cumpren coa normativa vixente de protecci\u00f3n de datos e s\u00f3 acceden \u00e1 informaci\u00f3n esencial para prestar o servizo.<\/span><\/span> <\/span><\/p><p>\u00a0<\/p><p><span class=\"HwtZe\" lang=\"gl\"><span class=\"jCAhz\"><span class=\"ryNqvb\">6. Per\u00edodo de conservaci\u00f3n <\/span><\/span><\/span><\/p><p><span class=\"HwtZe\" lang=\"gl\"><span class=\"jCAhz\"><span class=\"ryNqvb\">Os datos conservaranse: Durante o tempo necesario para cumprir coas obrigas legais (por exemplo, facturaci\u00f3n) <\/span><\/span><\/span><\/p><p><span class=\"HwtZe\" lang=\"gl\"><span class=\"jCAhz\"><span class=\"ryNqvb\">Mentres mante\u00f1as unha relaci\u00f3n comercial ou ata que solicites a s\u00faa supresi\u00f3n <\/span><\/span><\/span><\/p><p>\u00a0<\/p><p><span class=\"HwtZe\" lang=\"gl\"><span class=\"jCAhz\"><span class=\"ryNqvb\">7. Dereitos <\/span><\/span><\/span><\/p><p><span class=\"HwtZe\" lang=\"gl\"><span class=\"jCAhz\"><span class=\"ryNqvb\">Podes exercer os teus dereitos de: <\/span><\/span><\/span><\/p><p><span class=\"HwtZe\" lang=\"gl\"><span class=\"jCAhz\"><span class=\"ryNqvb\">Acceso <\/span><\/span><\/span><\/p><p><span class=\"HwtZe\" lang=\"gl\"><span class=\"jCAhz\"><span class=\"ryNqvb\">Rectificaci\u00f3n <\/span><\/span><\/span><\/p><p><span class=\"HwtZe\" lang=\"gl\"><span class=\"jCAhz\"><span class=\"ryNqvb\">Supresi\u00f3n <\/span><\/span><\/span><\/p><p><span class=\"HwtZe\" lang=\"gl\"><span class=\"jCAhz\"><span class=\"ryNqvb\">Restrici\u00f3n do tratamento <\/span><\/span><\/span><\/p><p><span class=\"HwtZe\" lang=\"gl\"><span class=\"jCAhz\"><span class=\"ryNqvb\">Portabilidade <\/span><\/span><\/span><\/p><p><span class=\"HwtZe\" lang=\"gl\"><span class=\"jCAhz\"><span class=\"ryNqvb\">Oposici\u00f3n <\/span><\/span><\/span><\/p><p><span class=\"HwtZe\" lang=\"gl\"><span class=\"jCAhz\"><span class=\"ryNqvb\">En calquera momento, escribindo a info@areladefe.com.<\/span><\/span> <\/span><\/p><p><span class=\"HwtZe\" lang=\"gl\"><span class=\"jCAhz\"><span class=\"ryNqvb\">Tam\u00e9n tes dereito a presentar unha reclamaci\u00f3n ante a Axencia Espa\u00f1ola de Protecci\u00f3n de Datos se consideras que non se respectaron os teus dereitos.<\/span><\/span> <\/span><\/p><p>\u00a0<\/p><p><span class=\"HwtZe\" lang=\"gl\"><span class=\"jCAhz\"><span class=\"ryNqvb\">8. Seguridade <\/span><\/span><\/span><\/p><p><span class=\"HwtZe\" lang=\"gl\"><span class=\"jCAhz\"><span class=\"ryNqvb\">Os teus datos est\u00e1n protexidos con medidas t\u00e9cnicas e organizativas que garanten a s\u00faa confidencialidade, integridade e dispo\u00f1ibilidade.<\/span><\/span><\/span><\/p><p><span class=\"HwtZe\" lang=\"gl\"> <span class=\"jCAhz\"><span class=\"ryNqvb\">Usamos cifrado SSL e servizos seguros de terceiros.<\/span><\/span> <\/span><\/p><p>\u00a0<\/p><p><span class=\"HwtZe\" lang=\"gl\"><span class=\"jCAhz\"><span class=\"ryNqvb\">9. Cookies <\/span><\/span><\/span><\/p><p><span class=\"HwtZe\" lang=\"gl\"><span class=\"jCAhz\"><span class=\"ryNqvb\">Este sitio web usa cookies para mellorar a t\u00faa experiencia de navegaci\u00f3n.<\/span><\/span> <\/span><\/p><p><span class=\"HwtZe\" lang=\"gl\"><span class=\"jCAhz\"><span class=\"ryNqvb\">Podes atopar m\u00e1is detalles na <a href=\"https:\/\/areladefe.com\/es\/politica-de-cookies\/\">Pol\u00edtica de cookies<\/a>.<\/span><\/span> <\/span><\/p><p>\u00a0<\/p><p><span class=\"HwtZe\" lang=\"gl\"><span class=\"jCAhz ChMk0b\"><span class=\"ryNqvb\">10. Cambios nesta pol\u00edtica <\/span><\/span><\/span><\/p><p><span class=\"HwtZe\" lang=\"gl\"><span class=\"jCAhz ChMk0b\"><span class=\"ryNqvb\">Esta pol\u00edtica pode actualizarse para reflectir cambios na lexislaci\u00f3n ou nas operaci\u00f3ns da tenda.<\/span><\/span> <\/span><\/p><p><span class=\"HwtZe\" lang=\"gl\"><span class=\"jCAhz ChMk0b\"><span class=\"ryNqvb\">A data da \u00faltima actualizaci\u00f3n ser\u00e1 visible no p\u00e9 de p\u00e1xina.<\/span><\/span> <\/span><\/p><p><span class=\"HwtZe\" lang=\"gl\"><span class=\"jCAhz ChMk0b\"><span class=\"ryNqvb\">\u00daltima actualizaci\u00f3n: outubro de 2025<\/span><\/span><\/span><\/p>\t\t\t\t\t\t\t\t<\/div>\n\t\t\t\t\t<\/div>\n\t\t\t\t<\/div>\n\t\t\t\t<\/div>","protected":false},"excerpt":{"rendered":"<p>POL\u00cdTICA DE PRIVACIDADE Esta pol\u00edtica de privacidade describe como se recollen, utilizan e protexen os datos persoais que proporciona ao usar esta tenda en li\u00f1a. \u00a0 1. Controlador de datos Propietario: areladefe.com Correo electr\u00f3nico de contacto: info@areladefe.com Actividade: Venda de xoier\u00eda \u00a0 2. Datos persoais recollidos Cando realizas unha compra, contactas connosco ou te subscribes [&hellip;]<\/p>\n","protected":false},"author":1,"featured_media":0,"parent":0,"menu_order":0,"comment_status":"closed","ping_status":"closed","template":"","meta":{"footnotes":""},"class_list":["post-1329","page","type-page","status-publish","hentry"],"yoast_head":"<!-- This site is optimized with the Yoast SEO plugin v27.4 - https:\/\/yoast.com\/product\/yoast-seo-wordpress\/ -->\n<title>Pol\u00edtica de privacidad - ARELADEFE<\/title>\n<meta name=\"robots\" content=\"index, follow, max-snippet:-1, max-image-preview:large, max-video-preview:-1\" \/>\n<link rel=\"canonical\" href=\"https:\/\/areladefe.com\/es\/politica-de-privacidad\/\" \/>\n<meta property=\"og:locale\" content=\"es_ES\" \/>\n<meta property=\"og:type\" content=\"article\" \/>\n<meta property=\"og:title\" content=\"Pol\u00edtica de privacidad - ARELADEFE\" \/>\n<meta property=\"og:description\" content=\"POL\u00cdTICA DE PRIVACIDADE Esta pol\u00edtica de privacidade describe como se recollen, utilizan e protexen os datos persoais que proporciona ao usar esta tenda en li\u00f1a. \u00a0 1. Controlador de datos Propietario: areladefe.com Correo electr\u00f3nico de contacto: info@areladefe.com Actividade: Venda de xoier\u00eda \u00a0 2. Datos persoais recollidos Cando realizas unha compra, contactas connosco ou te subscribes [&hellip;]\" \/>\n<meta property=\"og:url\" content=\"https:\/\/areladefe.com\/es\/politica-de-privacidad\/\" \/>\n<meta property=\"og:site_name\" content=\"ARELADEFE\" \/>\n<meta property=\"article:modified_time\" content=\"2025-10-18T09:59:48+00:00\" \/>\n<meta name=\"twitter:card\" content=\"summary_large_image\" \/>\n<meta name=\"twitter:label1\" content=\"Tiempo de lectura\" \/>\n\t<meta name=\"twitter:data1\" content=\"2 minutos\" \/>\n<script type=\"application\/ld+json\" class=\"yoast-schema-graph\">{\"@context\":\"https:\\\/\\\/schema.org\",\"@graph\":[{\"@type\":\"WebPage\",\"@id\":\"https:\\\/\\\/areladefe.com\\\/politica-de-privacidad\\\/\",\"url\":\"https:\\\/\\\/areladefe.com\\\/politica-de-privacidad\\\/\",\"name\":\"Pol\u00edtica de privacidad - ARELADEFE\",\"isPartOf\":{\"@id\":\"https:\\\/\\\/areladefe.com\\\/#website\"},\"datePublished\":\"2025-10-18T09:42:47+00:00\",\"dateModified\":\"2025-10-18T09:59:48+00:00\",\"breadcrumb\":{\"@id\":\"https:\\\/\\\/areladefe.com\\\/politica-de-privacidad\\\/#breadcrumb\"},\"inLanguage\":\"es\",\"potentialAction\":[{\"@type\":\"ReadAction\",\"target\":[\"https:\\\/\\\/areladefe.com\\\/politica-de-privacidad\\\/\"]}]},{\"@type\":\"BreadcrumbList\",\"@id\":\"https:\\\/\\\/areladefe.com\\\/politica-de-privacidad\\\/#breadcrumb\",\"itemListElement\":[{\"@type\":\"ListItem\",\"position\":1,\"name\":\"Portada\",\"item\":\"https:\\\/\\\/areladefe.com\\\/\"},{\"@type\":\"ListItem\",\"position\":2,\"name\":\"Pol\u00edtica de privacidad\"}]},{\"@type\":\"WebSite\",\"@id\":\"https:\\\/\\\/areladefe.com\\\/#website\",\"url\":\"https:\\\/\\\/areladefe.com\\\/\",\"name\":\"ARELADEFE\",\"description\":\"Xoier\u00eda creativa\",\"publisher\":{\"@id\":\"https:\\\/\\\/areladefe.com\\\/#organization\"},\"potentialAction\":[{\"@type\":\"SearchAction\",\"target\":{\"@type\":\"EntryPoint\",\"urlTemplate\":\"https:\\\/\\\/areladefe.com\\\/?s={search_term_string}\"},\"query-input\":{\"@type\":\"PropertyValueSpecification\",\"valueRequired\":true,\"valueName\":\"search_term_string\"}}],\"inLanguage\":\"es\"},{\"@type\":\"Organization\",\"@id\":\"https:\\\/\\\/areladefe.com\\\/#organization\",\"name\":\"ARELADEFE\",\"url\":\"https:\\\/\\\/areladefe.com\\\/\",\"logo\":{\"@type\":\"ImageObject\",\"inLanguage\":\"es\",\"@id\":\"https:\\\/\\\/areladefe.com\\\/#\\\/schema\\\/logo\\\/image\\\/\",\"url\":\"https:\\\/\\\/areladefe.com\\\/wp-content\\\/uploads\\\/2025\\\/10\\\/areladefe-xoieria-creativa-logo-color.png\",\"contentUrl\":\"https:\\\/\\\/areladefe.com\\\/wp-content\\\/uploads\\\/2025\\\/10\\\/areladefe-xoieria-creativa-logo-color.png\",\"width\":11811,\"height\":6377,\"caption\":\"ARELADEFE\"},\"image\":{\"@id\":\"https:\\\/\\\/areladefe.com\\\/#\\\/schema\\\/logo\\\/image\\\/\"},\"sameAs\":[\"https:\\\/\\\/www.instagram.com\\\/areladefe\\\/\"]}]}<\/script>\n<!-- \/ Yoast SEO plugin. -->","yoast_head_json":{"title":"Pol\u00edtica de privacidad - ARELADEFE","robots":{"index":"index","follow":"follow","max-snippet":"max-snippet:-1","max-image-preview":"max-image-preview:large","max-video-preview":"max-video-preview:-1"},"canonical":"https:\/\/areladefe.com\/es\/politica-de-privacidad\/","og_locale":"es_ES","og_type":"article","og_title":"Pol\u00edtica de privacidad - ARELADEFE","og_description":"POL\u00cdTICA DE PRIVACIDADE Esta pol\u00edtica de privacidade describe como se recollen, utilizan e protexen os datos persoais que proporciona ao usar esta tenda en li\u00f1a. \u00a0 1. Controlador de datos Propietario: areladefe.com Correo electr\u00f3nico de contacto: info@areladefe.com Actividade: Venda de xoier\u00eda \u00a0 2. Datos persoais recollidos Cando realizas unha compra, contactas connosco ou te subscribes [&hellip;]","og_url":"https:\/\/areladefe.com\/es\/politica-de-privacidad\/","og_site_name":"ARELADEFE","article_modified_time":"2025-10-18T09:59:48+00:00","twitter_card":"summary_large_image","twitter_misc":{"Tiempo de lectura":"2 minutos"},"schema":{"@context":"https:\/\/schema.org","@graph":[{"@type":"WebPage","@id":"https:\/\/areladefe.com\/politica-de-privacidad\/","url":"https:\/\/areladefe.com\/politica-de-privacidad\/","name":"Pol\u00edtica de privacidad - ARELADEFE","isPartOf":{"@id":"https:\/\/areladefe.com\/#website"},"datePublished":"2025-10-18T09:42:47+00:00","dateModified":"2025-10-18T09:59:48+00:00","breadcrumb":{"@id":"https:\/\/areladefe.com\/politica-de-privacidad\/#breadcrumb"},"inLanguage":"es","potentialAction":[{"@type":"ReadAction","target":["https:\/\/areladefe.com\/politica-de-privacidad\/"]}]},{"@type":"BreadcrumbList","@id":"https:\/\/areladefe.com\/politica-de-privacidad\/#breadcrumb","itemListElement":[{"@type":"ListItem","position":1,"name":"Portada","item":"https:\/\/areladefe.com\/"},{"@type":"ListItem","position":2,"name":"Pol\u00edtica de privacidad"}]},{"@type":"WebSite","@id":"https:\/\/areladefe.com\/#website","url":"https:\/\/areladefe.com\/","name":"ARELADEFE","description":"Joyer\u00eda creativa","publisher":{"@id":"https:\/\/areladefe.com\/#organization"},"potentialAction":[{"@type":"SearchAction","target":{"@type":"EntryPoint","urlTemplate":"https:\/\/areladefe.com\/?s={search_term_string}"},"query-input":{"@type":"PropertyValueSpecification","valueRequired":true,"valueName":"search_term_string"}}],"inLanguage":"es"},{"@type":"Organization","@id":"https:\/\/areladefe.com\/#organization","name":"ARELADEFE","url":"https:\/\/areladefe.com\/","logo":{"@type":"ImageObject","inLanguage":"es","@id":"https:\/\/areladefe.com\/#\/schema\/logo\/image\/","url":"https:\/\/areladefe.com\/wp-content\/uploads\/2025\/10\/areladefe-xoieria-creativa-logo-color.png","contentUrl":"https:\/\/areladefe.com\/wp-content\/uploads\/2025\/10\/areladefe-xoieria-creativa-logo-color.png","width":11811,"height":6377,"caption":"ARELADEFE"},"image":{"@id":"https:\/\/areladefe.com\/#\/schema\/logo\/image\/"},"sameAs":["https:\/\/www.instagram.com\/areladefe\/"]}]}},"_links":{"self":[{"href":"https:\/\/areladefe.com\/es\/wp-json\/wp\/v2\/pages\/1329","targetHints":{"allow":["GET"]}}],"collection":[{"href":"https:\/\/areladefe.com\/es\/wp-json\/wp\/v2\/pages"}],"about":[{"href":"https:\/\/areladefe.com\/es\/wp-json\/wp\/v2\/types\/page"}],"author":[{"embeddable":true,"href":"https:\/\/areladefe.com\/es\/wp-json\/wp\/v2\/users\/1"}],"replies":[{"embeddable":true,"href":"https:\/\/areladefe.com\/es\/wp-json\/wp\/v2\/comments?post=1329"}],"version-history":[{"count":13,"href":"https:\/\/areladefe.com\/es\/wp-json\/wp\/v2\/pages\/1329\/revisions"}],"predecessor-version":[{"id":1351,"href":"https:\/\/areladefe.com\/es\/wp-json\/wp\/v2\/pages\/1329\/revisions\/1351"}],"wp:attachment":[{"href":"https:\/\/areladefe.com\/es\/wp-json\/wp\/v2\/media?parent=1329"}],"curies":[{"name":"wp","href":"https:\/\/api.w.org\/{rel}","templated":true}]}}