{"id":1339,"date":"2025-10-18T09:53:21","date_gmt":"2025-10-18T09:53:21","guid":{"rendered":"https:\/\/areladefe.com\/?page_id=1339"},"modified":"2025-10-18T10:00:43","modified_gmt":"2025-10-18T10:00:43","slug":"politica-de-cookies","status":"publish","type":"page","link":"https:\/\/areladefe.com\/es\/politica-de-cookies\/","title":{"rendered":"Pol\u00edtica de cookies"},"content":{"rendered":"<div data-elementor-type=\"wp-page\" data-elementor-id=\"1339\" class=\"elementor elementor-1339\" data-elementor-post-type=\"page\">\n\t\t\t\t<div class=\"elementor-element elementor-element-163457f e-flex e-con-boxed e-con e-parent\" data-id=\"163457f\" data-element_type=\"container\" data-e-type=\"container\">\n\t\t\t\t\t<div class=\"e-con-inner\">\n\t\t\t\t<div class=\"elementor-element elementor-element-ee5831f elementor-widget elementor-widget-text-editor\" data-id=\"ee5831f\" data-element_type=\"widget\" data-e-type=\"widget\" data-widget_type=\"text-editor.default\">\n\t\t\t\t\t\t\t\t\t<p>Este sitio web, do mesmo xeito que a maior\u00eda dos sitios de internet, utiliza cookies para mellorar os servizos que ofrecemos e optimizar a s\u00faa experiencia de navegaci\u00f3n.<\/p><p>A continuaci\u00f3n atopar\u00e1 informaci\u00f3n detallada acerca de que son as cookies, que tipos de cookies utiliza este sitio web, e como desactivalas no seu navegador.<\/p><p><br \/>Que son as cookies?<\/p><p><br \/>Unha cookie \u00e9 un ficheiro que se descarga no seu equipo (computador, smartphone, tablet&#8230;) ao acceder a determinados sitios web.<\/p><p>As cookies permiten a un sitio web, entre outras cousas, almacenar e recuperar informaci\u00f3n sobre os h\u00e1bitos de navegaci\u00f3n dun usuario ou do seu equipo e, dependendo da informaci\u00f3n que conte\u00f1an e da forma en que utilice o seu equipo, poden utilizarse para reco\u00f1ecer ao usuario.<\/p><p><br \/>Que tipos de cookies utiliza este sitio web?<\/p><p><br \/>O noso sitio web utiliza os seguintes tipos de cookies:<\/p><p><br \/>\u2022 Cookies t\u00e9cnicas: son aquelas que permiten ao usuario navegar polo noso sitio web e utilizar os nosos servizos. Perm\u00edtennos realizar funci\u00f3ns como o control do tr\u00e1fico e a comunicaci\u00f3n de datos, identificar a sesi\u00f3n, permitir aos usuarios autorizados que accedan a certos contidos restrinxidos, etc.<\/p><p><br \/>\u2022 Cookies de personalizaci\u00f3n: son aquelas que nos permiten lembrar certas preferencias de navegaci\u00f3n dos usuarios, como o seu idioma, o tipo de navegador a trav\u00e9s do cal accede, a s\u00faa configuraci\u00f3n rexional, etc.<\/p><p><br \/>\u2022 Cookies de an\u00e1lise: son aquelas que ben tratadas por n\u00f3s ou por terceiros, perm\u00edtennos cuantificar o n\u00famero de usuarios e as\u00ed realizar a medici\u00f3n e an\u00e1lise estat\u00edstica da utilizaci\u00f3n que fan os usuarios do noso sitio web. Para iso anal\u00edzase a s\u00faa navegaci\u00f3n no noso sitio web co fin de mellorar a oferta dos nosos produtos e servizos.<\/p><p><br \/>Quen utiliza as cookies instaladas por este sitio web?<\/p><p><br \/>Como norma xeral as cookies instaladas por este sitio web son propias e s\u00f3 as utilizamos n\u00f3s. No entanto, utilizamos alg\u00fans servizos de terceiros que tam\u00e9n poden instalar e utilizar cookies no seu equipo:<\/p><p><br \/>\u2022 Google Analytics: \u00e9 un popular servizo de anal\u00edtica web proporcionado por Google, Inc. Esta ferramenta de anal\u00edtica web utiliza cookies para solicitar informaci\u00f3n sobre o comportamento dos visitantes deste sitio dunha forma an\u00f3nima. Esta informaci\u00f3n \u00e9 utilizada para avaliar o uso do sitio que realizan os usuarios e para elaborar informes estat\u00edsticos da actividade do sitio web. Pode obter m\u00e1is informaci\u00f3n acerca das cookies utilizadas por Google Analytics aqu\u00ed (ingl\u00e9s).<\/p><p><br \/>Canto tempo permanecen as cookies no meu equipo?<\/p><p><br \/>Algunhas cookies unicamente permanecen no seu equipo desde o momento en que se instalan at\u00e9 o final da s\u00faa sesi\u00f3n de navegaci\u00f3n, e elim\u00ednanse automaticamente cando vostede pecha o seu navegador. Estas cookies denom\u00ednanse cookies temporais ou de sesi\u00f3n.<\/p><p><br \/>Outras cookies poden permanecer no seu equipo durante varias sesi\u00f3ns de navegaci\u00f3n e non se eliminan ao pechar o seu navegador. Estas cookies denom\u00ednanse cookies persistentes, e a s\u00faa duraci\u00f3n pode ir duns minutos a varios anos.<\/p><p><br \/>Como podo desactivar ou eliminar as cookies do meu equipo?<\/p><p><br \/>Vostede pode permitir, bloquear ou eliminar as cookies instaladas no seu equipo mediante a configuraci\u00f3n das opci\u00f3ns correspondentes no seu navegador.<\/p><p><br \/>O acceso ao panel de configuraci\u00f3n das cookies var\u00eda en funci\u00f3n do navegador e a plataforma empregada. No entanto, xeralmente estes axustes at\u00f3panse nunha secci\u00f3n chamada &#8220;Opci\u00f3ns&#8221;, &#8220;Preferencias&#8221; ou &#8220;Ferramentas&#8221; do men\u00fa do seu navegador.<\/p><p><br \/>A continuaci\u00f3n proporcion\u00e1moslle ligaz\u00f3ns con instruci\u00f3ns para configurar as cookies nos navegadores e plataformas m\u00e1is utilizados. Para outras configuraci\u00f3ns consulte co seu provedor.<\/p><p><br \/>\u2022 C\u00f3mo configurar as cookies en Chrome.<br \/>\u2022 C\u00f3mo configurar as cookies en Firefox.<br \/>\u2022 C\u00f3mo configurar as cookies en Internet Explorer.<br \/>\u2022 C\u00f3mo configurar as cookies en Safari (OS X).<br \/>\u2022 C\u00f3mo configurar as cookies en Safari (iOS).<br \/>\u2022 C\u00f3mo configurar as cookies en Android.<\/p><p><br \/>Que ocorre se deshabilito as Cookies no meu navegador?<\/p><p><br \/>Se deshabilita as cookies no seu navegador, \u00e9 posible que algunhas funcionalidades deste sitio web queden deshabilitadas, por exemplo, permanecer identificado no sitio web.<\/p><p>Onde podo atopar m\u00e1is informaci\u00f3n acerca das cookies?<\/p><p><br \/>Vostede pode obter m\u00e1is informaci\u00f3n acerca das cookies a trav\u00e9s das seguintes ligaz\u00f3ns:<br \/>\u2022 Wikipedia<\/p><p>Actualizaci\u00f3ns e cambios na Pol\u00edtica de Cookies<\/p><p>\u00c9 posible que modifiquemos esta Pol\u00edtica de Cookies en funci\u00f3n de esixencias lexislativas, regulamentarias, ou coa finalidade de adaptar dicha pol\u00edtica \u00e1s instruci\u00f3ns ditadas pola Axencia Espa\u00f1ola de Protecci\u00f3n de Datos, polo que lle aconsellamos que a visite periodicamente.<br \/>Esta Pol\u00edtica de Cookies actualizouse por \u00faltima vez o 31 de xullo de 2015.<br \/>Aceptaci\u00f3n desta Pol\u00edtica<br \/>Ao continuar navegando por este sitio web entendemos que acepta a nosa Pol\u00edtica de Cookies.<\/p>\t\t\t\t\t\t\t\t<\/div>\n\t\t\t\t\t<\/div>\n\t\t\t\t<\/div>\n\t\t\t\t<\/div>","protected":false},"excerpt":{"rendered":"<p>Este sitio web, do mesmo xeito que a maior\u00eda dos sitios de internet, utiliza cookies para mellorar os servizos que ofrecemos e optimizar a s\u00faa experiencia de navegaci\u00f3n. A continuaci\u00f3n atopar\u00e1 informaci\u00f3n detallada acerca de que son as cookies, que tipos de cookies utiliza este sitio web, e como desactivalas no seu navegador. Que son [&hellip;]<\/p>\n","protected":false},"author":1,"featured_media":0,"parent":0,"menu_order":0,"comment_status":"closed","ping_status":"closed","template":"","meta":{"footnotes":""},"class_list":["post-1339","page","type-page","status-publish","hentry"],"yoast_head":"<!-- This site is optimized with the Yoast SEO plugin v27.4 - https:\/\/yoast.com\/product\/yoast-seo-wordpress\/ -->\n<title>Pol\u00edtica de cookies - ARELADEFE<\/title>\n<meta name=\"robots\" content=\"index, follow, max-snippet:-1, max-image-preview:large, max-video-preview:-1\" \/>\n<link rel=\"canonical\" href=\"https:\/\/areladefe.com\/es\/politica-de-cookies\/\" \/>\n<meta property=\"og:locale\" content=\"es_ES\" \/>\n<meta property=\"og:type\" content=\"article\" \/>\n<meta property=\"og:title\" content=\"Pol\u00edtica de cookies - ARELADEFE\" \/>\n<meta property=\"og:description\" content=\"Este sitio web, do mesmo xeito que a maior\u00eda dos sitios de internet, utiliza cookies para mellorar os servizos que ofrecemos e optimizar a s\u00faa experiencia de navegaci\u00f3n. A continuaci\u00f3n atopar\u00e1 informaci\u00f3n detallada acerca de que son as cookies, que tipos de cookies utiliza este sitio web, e como desactivalas no seu navegador. Que son [&hellip;]\" \/>\n<meta property=\"og:url\" content=\"https:\/\/areladefe.com\/es\/politica-de-cookies\/\" \/>\n<meta property=\"og:site_name\" content=\"ARELADEFE\" \/>\n<meta property=\"article:modified_time\" content=\"2025-10-18T10:00:43+00:00\" \/>\n<meta name=\"twitter:card\" content=\"summary_large_image\" \/>\n<meta name=\"twitter:label1\" content=\"Tiempo de lectura\" \/>\n\t<meta name=\"twitter:data1\" content=\"4 minutos\" \/>\n<script type=\"application\/ld+json\" class=\"yoast-schema-graph\">{\"@context\":\"https:\\\/\\\/schema.org\",\"@graph\":[{\"@type\":\"WebPage\",\"@id\":\"https:\\\/\\\/areladefe.com\\\/politica-de-cookies\\\/\",\"url\":\"https:\\\/\\\/areladefe.com\\\/politica-de-cookies\\\/\",\"name\":\"Pol\u00edtica de cookies - ARELADEFE\",\"isPartOf\":{\"@id\":\"https:\\\/\\\/areladefe.com\\\/#website\"},\"datePublished\":\"2025-10-18T09:53:21+00:00\",\"dateModified\":\"2025-10-18T10:00:43+00:00\",\"breadcrumb\":{\"@id\":\"https:\\\/\\\/areladefe.com\\\/politica-de-cookies\\\/#breadcrumb\"},\"inLanguage\":\"es\",\"potentialAction\":[{\"@type\":\"ReadAction\",\"target\":[\"https:\\\/\\\/areladefe.com\\\/politica-de-cookies\\\/\"]}]},{\"@type\":\"BreadcrumbList\",\"@id\":\"https:\\\/\\\/areladefe.com\\\/politica-de-cookies\\\/#breadcrumb\",\"itemListElement\":[{\"@type\":\"ListItem\",\"position\":1,\"name\":\"Portada\",\"item\":\"https:\\\/\\\/areladefe.com\\\/\"},{\"@type\":\"ListItem\",\"position\":2,\"name\":\"Pol\u00edtica de cookies\"}]},{\"@type\":\"WebSite\",\"@id\":\"https:\\\/\\\/areladefe.com\\\/#website\",\"url\":\"https:\\\/\\\/areladefe.com\\\/\",\"name\":\"ARELADEFE\",\"description\":\"Xoier\u00eda creativa\",\"publisher\":{\"@id\":\"https:\\\/\\\/areladefe.com\\\/#organization\"},\"potentialAction\":[{\"@type\":\"SearchAction\",\"target\":{\"@type\":\"EntryPoint\",\"urlTemplate\":\"https:\\\/\\\/areladefe.com\\\/?s={search_term_string}\"},\"query-input\":{\"@type\":\"PropertyValueSpecification\",\"valueRequired\":true,\"valueName\":\"search_term_string\"}}],\"inLanguage\":\"es\"},{\"@type\":\"Organization\",\"@id\":\"https:\\\/\\\/areladefe.com\\\/#organization\",\"name\":\"ARELADEFE\",\"url\":\"https:\\\/\\\/areladefe.com\\\/\",\"logo\":{\"@type\":\"ImageObject\",\"inLanguage\":\"es\",\"@id\":\"https:\\\/\\\/areladefe.com\\\/#\\\/schema\\\/logo\\\/image\\\/\",\"url\":\"https:\\\/\\\/areladefe.com\\\/wp-content\\\/uploads\\\/2025\\\/10\\\/areladefe-xoieria-creativa-logo-color.png\",\"contentUrl\":\"https:\\\/\\\/areladefe.com\\\/wp-content\\\/uploads\\\/2025\\\/10\\\/areladefe-xoieria-creativa-logo-color.png\",\"width\":11811,\"height\":6377,\"caption\":\"ARELADEFE\"},\"image\":{\"@id\":\"https:\\\/\\\/areladefe.com\\\/#\\\/schema\\\/logo\\\/image\\\/\"},\"sameAs\":[\"https:\\\/\\\/www.instagram.com\\\/areladefe\\\/\"]}]}<\/script>\n<!-- \/ Yoast SEO plugin. -->","yoast_head_json":{"title":"Pol\u00edtica de cookies - ARELADEFE","robots":{"index":"index","follow":"follow","max-snippet":"max-snippet:-1","max-image-preview":"max-image-preview:large","max-video-preview":"max-video-preview:-1"},"canonical":"https:\/\/areladefe.com\/es\/politica-de-cookies\/","og_locale":"es_ES","og_type":"article","og_title":"Pol\u00edtica de cookies - ARELADEFE","og_description":"Este sitio web, do mesmo xeito que a maior\u00eda dos sitios de internet, utiliza cookies para mellorar os servizos que ofrecemos e optimizar a s\u00faa experiencia de navegaci\u00f3n. A continuaci\u00f3n atopar\u00e1 informaci\u00f3n detallada acerca de que son as cookies, que tipos de cookies utiliza este sitio web, e como desactivalas no seu navegador. Que son [&hellip;]","og_url":"https:\/\/areladefe.com\/es\/politica-de-cookies\/","og_site_name":"ARELADEFE","article_modified_time":"2025-10-18T10:00:43+00:00","twitter_card":"summary_large_image","twitter_misc":{"Tiempo de lectura":"4 minutos"},"schema":{"@context":"https:\/\/schema.org","@graph":[{"@type":"WebPage","@id":"https:\/\/areladefe.com\/politica-de-cookies\/","url":"https:\/\/areladefe.com\/politica-de-cookies\/","name":"Pol\u00edtica de cookies - ARELADEFE","isPartOf":{"@id":"https:\/\/areladefe.com\/#website"},"datePublished":"2025-10-18T09:53:21+00:00","dateModified":"2025-10-18T10:00:43+00:00","breadcrumb":{"@id":"https:\/\/areladefe.com\/politica-de-cookies\/#breadcrumb"},"inLanguage":"es","potentialAction":[{"@type":"ReadAction","target":["https:\/\/areladefe.com\/politica-de-cookies\/"]}]},{"@type":"BreadcrumbList","@id":"https:\/\/areladefe.com\/politica-de-cookies\/#breadcrumb","itemListElement":[{"@type":"ListItem","position":1,"name":"Portada","item":"https:\/\/areladefe.com\/"},{"@type":"ListItem","position":2,"name":"Pol\u00edtica de cookies"}]},{"@type":"WebSite","@id":"https:\/\/areladefe.com\/#website","url":"https:\/\/areladefe.com\/","name":"ARELADEFE","description":"Joyer\u00eda creativa","publisher":{"@id":"https:\/\/areladefe.com\/#organization"},"potentialAction":[{"@type":"SearchAction","target":{"@type":"EntryPoint","urlTemplate":"https:\/\/areladefe.com\/?s={search_term_string}"},"query-input":{"@type":"PropertyValueSpecification","valueRequired":true,"valueName":"search_term_string"}}],"inLanguage":"es"},{"@type":"Organization","@id":"https:\/\/areladefe.com\/#organization","name":"ARELADEFE","url":"https:\/\/areladefe.com\/","logo":{"@type":"ImageObject","inLanguage":"es","@id":"https:\/\/areladefe.com\/#\/schema\/logo\/image\/","url":"https:\/\/areladefe.com\/wp-content\/uploads\/2025\/10\/areladefe-xoieria-creativa-logo-color.png","contentUrl":"https:\/\/areladefe.com\/wp-content\/uploads\/2025\/10\/areladefe-xoieria-creativa-logo-color.png","width":11811,"height":6377,"caption":"ARELADEFE"},"image":{"@id":"https:\/\/areladefe.com\/#\/schema\/logo\/image\/"},"sameAs":["https:\/\/www.instagram.com\/areladefe\/"]}]}},"_links":{"self":[{"href":"https:\/\/areladefe.com\/es\/wp-json\/wp\/v2\/pages\/1339","targetHints":{"allow":["GET"]}}],"collection":[{"href":"https:\/\/areladefe.com\/es\/wp-json\/wp\/v2\/pages"}],"about":[{"href":"https:\/\/areladefe.com\/es\/wp-json\/wp\/v2\/types\/page"}],"author":[{"embeddable":true,"href":"https:\/\/areladefe.com\/es\/wp-json\/wp\/v2\/users\/1"}],"replies":[{"embeddable":true,"href":"https:\/\/areladefe.com\/es\/wp-json\/wp\/v2\/comments?post=1339"}],"version-history":[{"count":7,"href":"https:\/\/areladefe.com\/es\/wp-json\/wp\/v2\/pages\/1339\/revisions"}],"predecessor-version":[{"id":1354,"href":"https:\/\/areladefe.com\/es\/wp-json\/wp\/v2\/pages\/1339\/revisions\/1354"}],"wp:attachment":[{"href":"https:\/\/areladefe.com\/es\/wp-json\/wp\/v2\/media?parent=1339"}],"curies":[{"name":"wp","href":"https:\/\/api.w.org\/{rel}","templated":true}]}}