{"id":667,"date":"2025-09-13T20:16:53","date_gmt":"2025-09-13T20:16:53","guid":{"rendered":"https:\/\/areladefe3054.live-website.com\/?page_id=667"},"modified":"2025-10-20T20:19:20","modified_gmt":"2025-10-20T20:19:20","slug":"fe-gonzalez","status":"publish","type":"page","link":"https:\/\/areladefe.com\/es\/fe-gonzalez\/","title":{"rendered":"Fe Gonz\u00e1lez"},"content":{"rendered":"<div data-elementor-type=\"wp-page\" data-elementor-id=\"667\" class=\"elementor elementor-667\" data-elementor-post-type=\"page\">\n\t\t\t\t<div class=\"elementor-element elementor-element-51b5a4d e-con-full e-flex e-con e-parent\" data-id=\"51b5a4d\" data-element_type=\"container\" data-e-type=\"container\">\n\t\t<div class=\"elementor-element elementor-element-1fcdcbe e-con-full e-flex e-con e-child\" data-id=\"1fcdcbe\" data-element_type=\"container\" data-e-type=\"container\">\n\t\t\t\t<div class=\"elementor-element elementor-element-c683db0 elementor-widget-laptop__width-initial elementor-hidden-mobile elementor-widget elementor-widget-image\" data-id=\"c683db0\" data-element_type=\"widget\" data-e-type=\"widget\" data-widget_type=\"image.default\">\n\t\t\t\t\t\t\t\t\t\t\t\t\t\t\t<img fetchpriority=\"high\" decoding=\"async\" width=\"800\" height=\"154\" src=\"https:\/\/areladefe.com\/wp-content\/uploads\/2025\/09\/areladefe-solo-nombre.png\" class=\"attachment-large size-large wp-image-530\" alt=\"\" srcset=\"https:\/\/areladefe.com\/wp-content\/uploads\/2025\/09\/areladefe-solo-nombre.png 1010w, https:\/\/areladefe.com\/wp-content\/uploads\/2025\/09\/areladefe-solo-nombre-300x58.png 300w, https:\/\/areladefe.com\/wp-content\/uploads\/2025\/09\/areladefe-solo-nombre-768x148.png 768w\" sizes=\"(max-width: 800px) 100vw, 800px\" \/>\t\t\t\t\t\t\t\t\t\t\t\t\t\t\t<\/div>\n\t\t\t\t<div class=\"elementor-element elementor-element-389e147 elementor-widget elementor-widget-text-editor\" data-id=\"389e147\" data-element_type=\"widget\" data-e-type=\"widget\" data-widget_type=\"text-editor.default\">\n\t\t\t\t\t\t\t\t\t<p><strong>*areladefe<\/strong> naci\u00f3 en 2005 de una pasi\u00f3n: el deseo de crear belleza y emoci\u00f3n a trav\u00e9s de la joyer\u00eda.<\/p><p><strong>Fe Gonz\u00e1lez<\/strong> lleva veinte a\u00f1os dise\u00f1ando y creando joyas de forma artesanal. Cada pieza es \u00fanica, elaborada con metales preciosos como la plata y el oro, siempre con el cuidado y la pasi\u00f3n que exige el trabajo artesanal.<\/p><p>A lo largo de los a\u00f1os, he explorado diferentes materiales y t\u00e9cnicas, manteniendo siempre la esencia de areladefe: la uni\u00f3n de sue\u00f1o, t\u00e9cnica y emoci\u00f3n.<\/p><p>Cada colecci\u00f3n cuenta una historia, cada pieza refleja luz, movimiento y sentimiento, invitando a quien la lleva a sentirse parte de ese deseo que nos mueve.<\/p><p>En el municipio de <strong>La Guardia<\/strong> contamos desde 2005 con un peque\u00f1o espacio donde podr\u00e1s encontrar todas nuestras colecciones y piezas \u00fanicas.\u00a0<\/p><p>Mi taller est\u00e1 ubicado en el municipio de <strong>Oia<\/strong>, puedes visitarlo cuando quieras, solo tienes que pedir cita.<\/p>\t\t\t\t\t\t\t\t<\/div>\n\t\t\t\t<div class=\"elementor-element elementor-element-3742aac elementor-hidden-desktop elementor-hidden-laptop elementor-hidden-tablet elementor-widget elementor-widget-video\" data-id=\"3742aac\" data-element_type=\"widget\" data-e-type=\"widget\" data-settings=\"{&quot;video_type&quot;:&quot;hosted&quot;,&quot;controls&quot;:&quot;yes&quot;}\" data-widget_type=\"video.default\">\n\t\t\t\t\t\t\t<div class=\"e-hosted-video elementor-wrapper elementor-open-inline\">\n\t\t\t\t\t<video class=\"elementor-video\" src=\"https:\/\/areladefe3054.live-website.com\/wp-content\/uploads\/2025\/09\/areladefe%20video.mp4\" controls=\"\" preload=\"metadata\" controlslist=\"nodownload\"><\/video>\n\t\t\t\t<\/div>\n\t\t\t\t\t\t<\/div>\n\t\t\t\t<\/div>\n\t\t<div class=\"elementor-element elementor-element-e33986f e-con-full elementor-hidden-mobile e-flex e-con e-child\" data-id=\"e33986f\" data-element_type=\"container\" data-e-type=\"container\">\n\t\t\t\t<div class=\"elementor-element elementor-element-0f73662 elementor-widget elementor-widget-video\" data-id=\"0f73662\" data-element_type=\"widget\" data-e-type=\"widget\" data-settings=\"{&quot;video_type&quot;:&quot;hosted&quot;,&quot;controls&quot;:&quot;yes&quot;}\" data-widget_type=\"video.default\">\n\t\t\t\t\t\t\t<div class=\"e-hosted-video elementor-wrapper elementor-open-inline\">\n\t\t\t\t\t<video class=\"elementor-video\" src=\"https:\/\/areladefe3054.live-website.com\/wp-content\/uploads\/2025\/09\/areladefe%20video.mp4\" controls=\"\" preload=\"metadata\" controlslist=\"nodownload\"><\/video>\n\t\t\t\t<\/div>\n\t\t\t\t\t\t<\/div>\n\t\t\t\t<\/div>\n\t\t\t\t<\/div>\n\t\t\t\t<\/div>","protected":false},"excerpt":{"rendered":"<p>*areladefe nace no 2005 dunha arela: o desexo de crear beleza e emoci\u00f3n a trav\u00e9s da xoier\u00eda. Fe Gonz\u00e1lez son eu, e levo vinte anos dese\u00f1ando e elaborando xoias de maneira artesanal. Cada peza \u00e9 \u00fanica, feita con metales nobres como prata e ouro, sempre co coidado e a paix\u00f3n que esixe o traballo feito [&hellip;]<\/p>\n","protected":false},"author":1,"featured_media":0,"parent":0,"menu_order":0,"comment_status":"closed","ping_status":"closed","template":"","meta":{"footnotes":""},"class_list":["post-667","page","type-page","status-publish","hentry"],"yoast_head":"<!-- This site is optimized with the Yoast SEO plugin v27.4 - https:\/\/yoast.com\/product\/yoast-seo-wordpress\/ -->\n<title>Fe Gonz\u00e1lez - ARELADEFE<\/title>\n<meta name=\"robots\" content=\"index, follow, max-snippet:-1, max-image-preview:large, max-video-preview:-1\" \/>\n<link rel=\"canonical\" href=\"https:\/\/areladefe.com\/es\/fe-gonzalez\/\" \/>\n<meta property=\"og:locale\" content=\"es_ES\" \/>\n<meta property=\"og:type\" content=\"article\" \/>\n<meta property=\"og:title\" content=\"Fe Gonz\u00e1lez - ARELADEFE\" \/>\n<meta property=\"og:description\" content=\"*areladefe nace no 2005 dunha arela: o desexo de crear beleza e emoci\u00f3n a trav\u00e9s da xoier\u00eda. Fe Gonz\u00e1lez son eu, e levo vinte anos dese\u00f1ando e elaborando xoias de maneira artesanal. Cada peza \u00e9 \u00fanica, feita con metales nobres como prata e ouro, sempre co coidado e a paix\u00f3n que esixe o traballo feito [&hellip;]\" \/>\n<meta property=\"og:url\" content=\"https:\/\/areladefe.com\/es\/fe-gonzalez\/\" \/>\n<meta property=\"og:site_name\" content=\"ARELADEFE\" \/>\n<meta property=\"article:modified_time\" content=\"2025-10-20T20:19:20+00:00\" \/>\n<meta property=\"og:image\" content=\"https:\/\/areladefe.com\/wp-content\/uploads\/2025\/09\/areladefe-solo-nombre.png\" \/>\n\t<meta property=\"og:image:width\" content=\"1010\" \/>\n\t<meta property=\"og:image:height\" content=\"194\" \/>\n\t<meta property=\"og:image:type\" content=\"image\/png\" \/>\n<meta name=\"twitter:card\" content=\"summary_large_image\" \/>\n<meta name=\"twitter:label1\" content=\"Tiempo de lectura\" \/>\n\t<meta name=\"twitter:data1\" content=\"1 minuto\" \/>\n<script type=\"application\/ld+json\" class=\"yoast-schema-graph\">{\"@context\":\"https:\\\/\\\/schema.org\",\"@graph\":[{\"@type\":\"WebPage\",\"@id\":\"https:\\\/\\\/areladefe.com\\\/fe-gonzalez\\\/\",\"url\":\"https:\\\/\\\/areladefe.com\\\/fe-gonzalez\\\/\",\"name\":\"Fe Gonz\u00e1lez - ARELADEFE\",\"isPartOf\":{\"@id\":\"https:\\\/\\\/areladefe.com\\\/#website\"},\"primaryImageOfPage\":{\"@id\":\"https:\\\/\\\/areladefe.com\\\/fe-gonzalez\\\/#primaryimage\"},\"image\":{\"@id\":\"https:\\\/\\\/areladefe.com\\\/fe-gonzalez\\\/#primaryimage\"},\"thumbnailUrl\":\"https:\\\/\\\/areladefe.com\\\/wp-content\\\/uploads\\\/2025\\\/09\\\/areladefe-solo-nombre.png\",\"datePublished\":\"2025-09-13T20:16:53+00:00\",\"dateModified\":\"2025-10-20T20:19:20+00:00\",\"breadcrumb\":{\"@id\":\"https:\\\/\\\/areladefe.com\\\/fe-gonzalez\\\/#breadcrumb\"},\"inLanguage\":\"es\",\"potentialAction\":[{\"@type\":\"ReadAction\",\"target\":[\"https:\\\/\\\/areladefe.com\\\/fe-gonzalez\\\/\"]}]},{\"@type\":\"ImageObject\",\"inLanguage\":\"es\",\"@id\":\"https:\\\/\\\/areladefe.com\\\/fe-gonzalez\\\/#primaryimage\",\"url\":\"https:\\\/\\\/areladefe.com\\\/wp-content\\\/uploads\\\/2025\\\/09\\\/areladefe-solo-nombre.png\",\"contentUrl\":\"https:\\\/\\\/areladefe.com\\\/wp-content\\\/uploads\\\/2025\\\/09\\\/areladefe-solo-nombre.png\"},{\"@type\":\"BreadcrumbList\",\"@id\":\"https:\\\/\\\/areladefe.com\\\/fe-gonzalez\\\/#breadcrumb\",\"itemListElement\":[{\"@type\":\"ListItem\",\"position\":1,\"name\":\"Portada\",\"item\":\"https:\\\/\\\/areladefe.com\\\/\"},{\"@type\":\"ListItem\",\"position\":2,\"name\":\"Fe Gonz\u00e1lez\"}]},{\"@type\":\"WebSite\",\"@id\":\"https:\\\/\\\/areladefe.com\\\/#website\",\"url\":\"https:\\\/\\\/areladefe.com\\\/\",\"name\":\"ARELADEFE\",\"description\":\"Xoier\u00eda creativa\",\"publisher\":{\"@id\":\"https:\\\/\\\/areladefe.com\\\/#organization\"},\"potentialAction\":[{\"@type\":\"SearchAction\",\"target\":{\"@type\":\"EntryPoint\",\"urlTemplate\":\"https:\\\/\\\/areladefe.com\\\/?s={search_term_string}\"},\"query-input\":{\"@type\":\"PropertyValueSpecification\",\"valueRequired\":true,\"valueName\":\"search_term_string\"}}],\"inLanguage\":\"es\"},{\"@type\":\"Organization\",\"@id\":\"https:\\\/\\\/areladefe.com\\\/#organization\",\"name\":\"ARELADEFE\",\"url\":\"https:\\\/\\\/areladefe.com\\\/\",\"logo\":{\"@type\":\"ImageObject\",\"inLanguage\":\"es\",\"@id\":\"https:\\\/\\\/areladefe.com\\\/#\\\/schema\\\/logo\\\/image\\\/\",\"url\":\"https:\\\/\\\/areladefe.com\\\/wp-content\\\/uploads\\\/2025\\\/10\\\/areladefe-xoieria-creativa-logo-color.png\",\"contentUrl\":\"https:\\\/\\\/areladefe.com\\\/wp-content\\\/uploads\\\/2025\\\/10\\\/areladefe-xoieria-creativa-logo-color.png\",\"width\":11811,\"height\":6377,\"caption\":\"ARELADEFE\"},\"image\":{\"@id\":\"https:\\\/\\\/areladefe.com\\\/#\\\/schema\\\/logo\\\/image\\\/\"},\"sameAs\":[\"https:\\\/\\\/www.instagram.com\\\/areladefe\\\/\"]}]}<\/script>\n<!-- \/ Yoast SEO plugin. -->","yoast_head_json":{"title":"Fe Gonz\u00e1lez - ARELADEFE","robots":{"index":"index","follow":"follow","max-snippet":"max-snippet:-1","max-image-preview":"max-image-preview:large","max-video-preview":"max-video-preview:-1"},"canonical":"https:\/\/areladefe.com\/es\/fe-gonzalez\/","og_locale":"es_ES","og_type":"article","og_title":"Fe Gonz\u00e1lez - ARELADEFE","og_description":"*areladefe nace no 2005 dunha arela: o desexo de crear beleza e emoci\u00f3n a trav\u00e9s da xoier\u00eda. Fe Gonz\u00e1lez son eu, e levo vinte anos dese\u00f1ando e elaborando xoias de maneira artesanal. Cada peza \u00e9 \u00fanica, feita con metales nobres como prata e ouro, sempre co coidado e a paix\u00f3n que esixe o traballo feito [&hellip;]","og_url":"https:\/\/areladefe.com\/es\/fe-gonzalez\/","og_site_name":"ARELADEFE","article_modified_time":"2025-10-20T20:19:20+00:00","og_image":[{"width":1010,"height":194,"url":"https:\/\/areladefe.com\/wp-content\/uploads\/2025\/09\/areladefe-solo-nombre.png","type":"image\/png"}],"twitter_card":"summary_large_image","twitter_misc":{"Tiempo de lectura":"1 minuto"},"schema":{"@context":"https:\/\/schema.org","@graph":[{"@type":"WebPage","@id":"https:\/\/areladefe.com\/fe-gonzalez\/","url":"https:\/\/areladefe.com\/fe-gonzalez\/","name":"Fe Gonz\u00e1lez - ARELADEFE","isPartOf":{"@id":"https:\/\/areladefe.com\/#website"},"primaryImageOfPage":{"@id":"https:\/\/areladefe.com\/fe-gonzalez\/#primaryimage"},"image":{"@id":"https:\/\/areladefe.com\/fe-gonzalez\/#primaryimage"},"thumbnailUrl":"https:\/\/areladefe.com\/wp-content\/uploads\/2025\/09\/areladefe-solo-nombre.png","datePublished":"2025-09-13T20:16:53+00:00","dateModified":"2025-10-20T20:19:20+00:00","breadcrumb":{"@id":"https:\/\/areladefe.com\/fe-gonzalez\/#breadcrumb"},"inLanguage":"es","potentialAction":[{"@type":"ReadAction","target":["https:\/\/areladefe.com\/fe-gonzalez\/"]}]},{"@type":"ImageObject","inLanguage":"es","@id":"https:\/\/areladefe.com\/fe-gonzalez\/#primaryimage","url":"https:\/\/areladefe.com\/wp-content\/uploads\/2025\/09\/areladefe-solo-nombre.png","contentUrl":"https:\/\/areladefe.com\/wp-content\/uploads\/2025\/09\/areladefe-solo-nombre.png"},{"@type":"BreadcrumbList","@id":"https:\/\/areladefe.com\/fe-gonzalez\/#breadcrumb","itemListElement":[{"@type":"ListItem","position":1,"name":"Portada","item":"https:\/\/areladefe.com\/"},{"@type":"ListItem","position":2,"name":"Fe Gonz\u00e1lez"}]},{"@type":"WebSite","@id":"https:\/\/areladefe.com\/#website","url":"https:\/\/areladefe.com\/","name":"ARELADEFE","description":"Joyer\u00eda creativa","publisher":{"@id":"https:\/\/areladefe.com\/#organization"},"potentialAction":[{"@type":"SearchAction","target":{"@type":"EntryPoint","urlTemplate":"https:\/\/areladefe.com\/?s={search_term_string}"},"query-input":{"@type":"PropertyValueSpecification","valueRequired":true,"valueName":"search_term_string"}}],"inLanguage":"es"},{"@type":"Organization","@id":"https:\/\/areladefe.com\/#organization","name":"ARELADEFE","url":"https:\/\/areladefe.com\/","logo":{"@type":"ImageObject","inLanguage":"es","@id":"https:\/\/areladefe.com\/#\/schema\/logo\/image\/","url":"https:\/\/areladefe.com\/wp-content\/uploads\/2025\/10\/areladefe-xoieria-creativa-logo-color.png","contentUrl":"https:\/\/areladefe.com\/wp-content\/uploads\/2025\/10\/areladefe-xoieria-creativa-logo-color.png","width":11811,"height":6377,"caption":"ARELADEFE"},"image":{"@id":"https:\/\/areladefe.com\/#\/schema\/logo\/image\/"},"sameAs":["https:\/\/www.instagram.com\/areladefe\/"]}]}},"_links":{"self":[{"href":"https:\/\/areladefe.com\/es\/wp-json\/wp\/v2\/pages\/667","targetHints":{"allow":["GET"]}}],"collection":[{"href":"https:\/\/areladefe.com\/es\/wp-json\/wp\/v2\/pages"}],"about":[{"href":"https:\/\/areladefe.com\/es\/wp-json\/wp\/v2\/types\/page"}],"author":[{"embeddable":true,"href":"https:\/\/areladefe.com\/es\/wp-json\/wp\/v2\/users\/1"}],"replies":[{"embeddable":true,"href":"https:\/\/areladefe.com\/es\/wp-json\/wp\/v2\/comments?post=667"}],"version-history":[{"count":34,"href":"https:\/\/areladefe.com\/es\/wp-json\/wp\/v2\/pages\/667\/revisions"}],"predecessor-version":[{"id":1452,"href":"https:\/\/areladefe.com\/es\/wp-json\/wp\/v2\/pages\/667\/revisions\/1452"}],"wp:attachment":[{"href":"https:\/\/areladefe.com\/es\/wp-json\/wp\/v2\/media?parent=667"}],"curies":[{"name":"wp","href":"https:\/\/api.w.org\/{rel}","templated":true}]}}