{"id":1366,"date":"2025-10-20T15:58:43","date_gmt":"2025-10-20T15:58:43","guid":{"rendered":"https:\/\/areladefe.com\/?post_type=product&#038;p=1366"},"modified":"2026-04-13T18:30:25","modified_gmt":"2026-04-13T18:30:25","slug":"olas-colgante-5-pezas-algodon","status":"publish","type":"product","link":"https:\/\/areladefe.com\/es\/producto\/olas-colgante-5-pezas-algodon\/","title":{"rendered":"Olas Colgante 5 piezas algod\u00f3n"},"content":{"rendered":"<p>La colecci\u00f3n OLAS naci\u00f3 del deseo de capturar en plata ese momento en que el mar acaricia la orilla.<br \/>\nCada m\u00f3dulo del collar se asemeja a una peque\u00f1a ola, suave y luminosa, que te envuelve en un ligero abrazo.<\/p>\n<p>Los pendientes, dise\u00f1ados para jugar con ellos y combinarlos, pueden llevarse con una, dos o tres piezas, como peque\u00f1as crestas de agua que danzan junto al rostro.<\/p>\n<p>Elaboradas artesanalmente y de dise\u00f1o atemporal, las joyas de OLAS son una invitaci\u00f3n a llevar contigo la calma y la fuerza del oc\u00e9ano en cada pieza.<\/p>","protected":false},"excerpt":{"rendered":"<p>Colgante 5 olas con algod\u00f3n<br \/>\nLargo aprox. Colgante 11cm<br \/>\nLargo total aprox. 30Cm<\/p>","protected":false},"featured_media":352,"comment_status":"open","ping_status":"closed","template":"","meta":[],"product_brand":[],"product_cat":[30,24,33],"product_tag":[],"class_list":{"0":"post-1366","1":"product","2":"type-product","3":"status-publish","4":"has-post-thumbnail","6":"product_cat-colgante","7":"product_cat-olas","8":"product_cat-prata","10":"first","11":"instock","12":"shipping-taxable","13":"purchasable","14":"product-type-simple"},"yoast_head":"<!-- This site is optimized with the Yoast SEO plugin v27.4 - https:\/\/yoast.com\/product\/yoast-seo-wordpress\/ -->\n<title>Olas Colgante 5 pezas algod\u00f3n - ARELADEFE<\/title>\n<meta name=\"description\" content=\"La colecci\u00f3n OLAS naci\u00f3 del deseo de capturar en plata ese momento en que el mar acaricia la orilla. Cada m\u00f3dulo del collar se asemeja a una peque\u00f1a ola.\" \/>\n<meta name=\"robots\" content=\"index, follow, max-snippet:-1, max-image-preview:large, max-video-preview:-1\" \/>\n<link rel=\"canonical\" href=\"https:\/\/areladefe.com\/es\/producto\/olas-colgante-5-pezas-algodon\/\" \/>\n<meta property=\"og:locale\" content=\"es_ES\" \/>\n<meta property=\"og:type\" content=\"article\" \/>\n<meta property=\"og:title\" content=\"Olas Colgante 5 pezas algod\u00f3n - ARELADEFE\" \/>\n<meta property=\"og:description\" content=\"La colecci\u00f3n OLAS naci\u00f3 del deseo de capturar en plata ese momento en que el mar acaricia la orilla. Cada m\u00f3dulo del collar se asemeja a una peque\u00f1a ola.\" \/>\n<meta property=\"og:url\" content=\"https:\/\/areladefe.com\/es\/producto\/olas-colgante-5-pezas-algodon\/\" \/>\n<meta property=\"og:site_name\" content=\"ARELADEFE\" \/>\n<meta property=\"article:modified_time\" content=\"2026-04-13T18:30:25+00:00\" \/>\n<meta property=\"og:image\" content=\"https:\/\/areladefe.com\/wp-content\/uploads\/2025\/09\/colgante-o-mar-olas-plata-detalle.webp\" \/>\n\t<meta property=\"og:image:width\" content=\"1200\" \/>\n\t<meta property=\"og:image:height\" content=\"1200\" \/>\n\t<meta property=\"og:image:type\" content=\"image\/webp\" \/>\n<meta name=\"twitter:card\" content=\"summary_large_image\" \/>\n<meta name=\"twitter:label1\" content=\"Tiempo de lectura\" \/>\n\t<meta name=\"twitter:data1\" content=\"1 minuto\" \/>\n<script type=\"application\/ld+json\" class=\"yoast-schema-graph\">{\"@context\":\"https:\\\/\\\/schema.org\",\"@graph\":[{\"@type\":\"WebPage\",\"@id\":\"https:\\\/\\\/areladefe.com\\\/producto\\\/olas-colgante-5-pezas-algodon\\\/\",\"url\":\"https:\\\/\\\/areladefe.com\\\/producto\\\/olas-colgante-5-pezas-algodon\\\/\",\"name\":\"Olas Colgante 5 pezas algod\u00f3n - ARELADEFE\",\"isPartOf\":{\"@id\":\"https:\\\/\\\/areladefe.com\\\/#website\"},\"primaryImageOfPage\":{\"@id\":\"https:\\\/\\\/areladefe.com\\\/producto\\\/olas-colgante-5-pezas-algodon\\\/#primaryimage\"},\"image\":{\"@id\":\"https:\\\/\\\/areladefe.com\\\/producto\\\/olas-colgante-5-pezas-algodon\\\/#primaryimage\"},\"thumbnailUrl\":\"https:\\\/\\\/areladefe.com\\\/wp-content\\\/uploads\\\/2025\\\/09\\\/colgante-o-mar-olas-plata-detalle.webp\",\"datePublished\":\"2025-10-20T15:58:43+00:00\",\"dateModified\":\"2026-04-13T18:30:25+00:00\",\"description\":\"La colecci\u00f3n OLAS naci\u00f3 del deseo de capturar en plata ese momento en que el mar acaricia la orilla. Cada m\u00f3dulo del collar se asemeja a una peque\u00f1a ola.\",\"breadcrumb\":{\"@id\":\"https:\\\/\\\/areladefe.com\\\/producto\\\/olas-colgante-5-pezas-algodon\\\/#breadcrumb\"},\"inLanguage\":\"es\",\"potentialAction\":[{\"@type\":\"ReadAction\",\"target\":[\"https:\\\/\\\/areladefe.com\\\/producto\\\/olas-colgante-5-pezas-algodon\\\/\"]}]},{\"@type\":\"ImageObject\",\"inLanguage\":\"es\",\"@id\":\"https:\\\/\\\/areladefe.com\\\/producto\\\/olas-colgante-5-pezas-algodon\\\/#primaryimage\",\"url\":\"https:\\\/\\\/areladefe.com\\\/wp-content\\\/uploads\\\/2025\\\/09\\\/colgante-o-mar-olas-plata-detalle.webp\",\"contentUrl\":\"https:\\\/\\\/areladefe.com\\\/wp-content\\\/uploads\\\/2025\\\/09\\\/colgante-o-mar-olas-plata-detalle.webp\",\"width\":1200,\"height\":1200,\"caption\":\"Olas Colgante 5 pezas algod\u00f3n\"},{\"@type\":\"BreadcrumbList\",\"@id\":\"https:\\\/\\\/areladefe.com\\\/producto\\\/olas-colgante-5-pezas-algodon\\\/#breadcrumb\",\"itemListElement\":[{\"@type\":\"ListItem\",\"position\":1,\"name\":\"Portada\",\"item\":\"https:\\\/\\\/areladefe.com\\\/\"},{\"@type\":\"ListItem\",\"position\":2,\"name\":\"Tienda\",\"item\":\"https:\\\/\\\/areladefe.com\\\/tienda\\\/\"},{\"@type\":\"ListItem\",\"position\":3,\"name\":\"Olas Colgante 5 pezas algod\u00f3n\"}]},{\"@type\":\"WebSite\",\"@id\":\"https:\\\/\\\/areladefe.com\\\/#website\",\"url\":\"https:\\\/\\\/areladefe.com\\\/\",\"name\":\"ARELADEFE\",\"description\":\"Xoier\u00eda creativa\",\"publisher\":{\"@id\":\"https:\\\/\\\/areladefe.com\\\/#organization\"},\"potentialAction\":[{\"@type\":\"SearchAction\",\"target\":{\"@type\":\"EntryPoint\",\"urlTemplate\":\"https:\\\/\\\/areladefe.com\\\/?s={search_term_string}\"},\"query-input\":{\"@type\":\"PropertyValueSpecification\",\"valueRequired\":true,\"valueName\":\"search_term_string\"}}],\"inLanguage\":\"es\"},{\"@type\":\"Organization\",\"@id\":\"https:\\\/\\\/areladefe.com\\\/#organization\",\"name\":\"ARELADEFE\",\"url\":\"https:\\\/\\\/areladefe.com\\\/\",\"logo\":{\"@type\":\"ImageObject\",\"inLanguage\":\"es\",\"@id\":\"https:\\\/\\\/areladefe.com\\\/#\\\/schema\\\/logo\\\/image\\\/\",\"url\":\"https:\\\/\\\/areladefe.com\\\/wp-content\\\/uploads\\\/2025\\\/10\\\/areladefe-xoieria-creativa-logo-color.png\",\"contentUrl\":\"https:\\\/\\\/areladefe.com\\\/wp-content\\\/uploads\\\/2025\\\/10\\\/areladefe-xoieria-creativa-logo-color.png\",\"width\":11811,\"height\":6377,\"caption\":\"ARELADEFE\"},\"image\":{\"@id\":\"https:\\\/\\\/areladefe.com\\\/#\\\/schema\\\/logo\\\/image\\\/\"},\"sameAs\":[\"https:\\\/\\\/www.instagram.com\\\/areladefe\\\/\"]}]}<\/script>\n<!-- \/ Yoast SEO plugin. -->","yoast_head_json":{"title":"Olas Colgante 5 pezas algod\u00f3n - ARELADEFE","description":"La colecci\u00f3n OLAS naci\u00f3 del deseo de capturar en plata ese momento en que el mar acaricia la orilla. Cada m\u00f3dulo del collar se asemeja a una peque\u00f1a ola.","robots":{"index":"index","follow":"follow","max-snippet":"max-snippet:-1","max-image-preview":"max-image-preview:large","max-video-preview":"max-video-preview:-1"},"canonical":"https:\/\/areladefe.com\/es\/producto\/olas-colgante-5-pezas-algodon\/","og_locale":"es_ES","og_type":"article","og_title":"Olas Colgante 5 pezas algod\u00f3n - ARELADEFE","og_description":"La colecci\u00f3n OLAS naci\u00f3 del deseo de capturar en plata ese momento en que el mar acaricia la orilla. Cada m\u00f3dulo del collar se asemeja a una peque\u00f1a ola.","og_url":"https:\/\/areladefe.com\/es\/producto\/olas-colgante-5-pezas-algodon\/","og_site_name":"ARELADEFE","article_modified_time":"2026-04-13T18:30:25+00:00","og_image":[{"width":1200,"height":1200,"url":"https:\/\/areladefe.com\/wp-content\/uploads\/2025\/09\/colgante-o-mar-olas-plata-detalle.webp","type":"image\/webp"}],"twitter_card":"summary_large_image","twitter_misc":{"Tiempo de lectura":"1 minuto"},"schema":{"@context":"https:\/\/schema.org","@graph":[{"@type":"WebPage","@id":"https:\/\/areladefe.com\/producto\/olas-colgante-5-pezas-algodon\/","url":"https:\/\/areladefe.com\/producto\/olas-colgante-5-pezas-algodon\/","name":"Olas Colgante 5 pezas algod\u00f3n - ARELADEFE","isPartOf":{"@id":"https:\/\/areladefe.com\/#website"},"primaryImageOfPage":{"@id":"https:\/\/areladefe.com\/producto\/olas-colgante-5-pezas-algodon\/#primaryimage"},"image":{"@id":"https:\/\/areladefe.com\/producto\/olas-colgante-5-pezas-algodon\/#primaryimage"},"thumbnailUrl":"https:\/\/areladefe.com\/wp-content\/uploads\/2025\/09\/colgante-o-mar-olas-plata-detalle.webp","datePublished":"2025-10-20T15:58:43+00:00","dateModified":"2026-04-13T18:30:25+00:00","description":"La colecci\u00f3n OLAS naci\u00f3 del deseo de capturar en plata ese momento en que el mar acaricia la orilla. Cada m\u00f3dulo del collar se asemeja a una peque\u00f1a ola.","breadcrumb":{"@id":"https:\/\/areladefe.com\/producto\/olas-colgante-5-pezas-algodon\/#breadcrumb"},"inLanguage":"es","potentialAction":[{"@type":"ReadAction","target":["https:\/\/areladefe.com\/producto\/olas-colgante-5-pezas-algodon\/"]}]},{"@type":"ImageObject","inLanguage":"es","@id":"https:\/\/areladefe.com\/producto\/olas-colgante-5-pezas-algodon\/#primaryimage","url":"https:\/\/areladefe.com\/wp-content\/uploads\/2025\/09\/colgante-o-mar-olas-plata-detalle.webp","contentUrl":"https:\/\/areladefe.com\/wp-content\/uploads\/2025\/09\/colgante-o-mar-olas-plata-detalle.webp","width":1200,"height":1200,"caption":"Olas Colgante 5 pezas algod\u00f3n"},{"@type":"BreadcrumbList","@id":"https:\/\/areladefe.com\/producto\/olas-colgante-5-pezas-algodon\/#breadcrumb","itemListElement":[{"@type":"ListItem","position":1,"name":"Portada","item":"https:\/\/areladefe.com\/"},{"@type":"ListItem","position":2,"name":"Tienda","item":"https:\/\/areladefe.com\/tienda\/"},{"@type":"ListItem","position":3,"name":"Olas Colgante 5 pezas algod\u00f3n"}]},{"@type":"WebSite","@id":"https:\/\/areladefe.com\/#website","url":"https:\/\/areladefe.com\/","name":"ARELADEFE","description":"Joyer\u00eda creativa","publisher":{"@id":"https:\/\/areladefe.com\/#organization"},"potentialAction":[{"@type":"SearchAction","target":{"@type":"EntryPoint","urlTemplate":"https:\/\/areladefe.com\/?s={search_term_string}"},"query-input":{"@type":"PropertyValueSpecification","valueRequired":true,"valueName":"search_term_string"}}],"inLanguage":"es"},{"@type":"Organization","@id":"https:\/\/areladefe.com\/#organization","name":"ARELADEFE","url":"https:\/\/areladefe.com\/","logo":{"@type":"ImageObject","inLanguage":"es","@id":"https:\/\/areladefe.com\/#\/schema\/logo\/image\/","url":"https:\/\/areladefe.com\/wp-content\/uploads\/2025\/10\/areladefe-xoieria-creativa-logo-color.png","contentUrl":"https:\/\/areladefe.com\/wp-content\/uploads\/2025\/10\/areladefe-xoieria-creativa-logo-color.png","width":11811,"height":6377,"caption":"ARELADEFE"},"image":{"@id":"https:\/\/areladefe.com\/#\/schema\/logo\/image\/"},"sameAs":["https:\/\/www.instagram.com\/areladefe\/"]}]}},"_links":{"self":[{"href":"https:\/\/areladefe.com\/es\/wp-json\/wp\/v2\/product\/1366","targetHints":{"allow":["GET"]}}],"collection":[{"href":"https:\/\/areladefe.com\/es\/wp-json\/wp\/v2\/product"}],"about":[{"href":"https:\/\/areladefe.com\/es\/wp-json\/wp\/v2\/types\/product"}],"replies":[{"embeddable":true,"href":"https:\/\/areladefe.com\/es\/wp-json\/wp\/v2\/comments?post=1366"}],"version-history":[{"count":3,"href":"https:\/\/areladefe.com\/es\/wp-json\/wp\/v2\/product\/1366\/revisions"}],"predecessor-version":[{"id":1716,"href":"https:\/\/areladefe.com\/es\/wp-json\/wp\/v2\/product\/1366\/revisions\/1716"}],"wp:featuredmedia":[{"embeddable":true,"href":"https:\/\/areladefe.com\/es\/wp-json\/wp\/v2\/media\/352"}],"wp:attachment":[{"href":"https:\/\/areladefe.com\/es\/wp-json\/wp\/v2\/media?parent=1366"}],"wp:term":[{"taxonomy":"product_brand","embeddable":true,"href":"https:\/\/areladefe.com\/es\/wp-json\/wp\/v2\/product_brand?post=1366"},{"taxonomy":"product_cat","embeddable":true,"href":"https:\/\/areladefe.com\/es\/wp-json\/wp\/v2\/product_cat?post=1366"},{"taxonomy":"product_tag","embeddable":true,"href":"https:\/\/areladefe.com\/es\/wp-json\/wp\/v2\/product_tag?post=1366"}],"curies":[{"name":"wp","href":"https:\/\/api.w.org\/{rel}","templated":true}]}}