{"id":1389,"date":"2025-10-20T17:07:47","date_gmt":"2025-10-20T17:07:47","guid":{"rendered":"https:\/\/areladefe.com\/?post_type=product&#038;p=1389"},"modified":"2026-04-13T18:08:46","modified_gmt":"2026-04-13T18:08:46","slug":"redes-pendiente-maxi-oxido","status":"publish","type":"product","link":"https:\/\/areladefe.com\/es\/producto\/redes-pendiente-maxi-oxido\/","title":{"rendered":"Redes Pendiente Maxi \u00d3xido"},"content":{"rendered":"<p>En cada joya de la colecci\u00f3n \u201cO mar tam\u00e9n ten mulleres\u201d, las mareas laten.<br \/>\nPiezas \u00fanicas, llenas de recuerdos marineros y dise\u00f1o contempor\u00e1neo.<br \/>\nLas redes se convierten en colgantes y pendientes, hilos de plata que atrapan historias.<br \/>\nLa cesta de plata, guardiana del cristal pulido por las olas, recuerda las trampas para peces donde la paciencia y la habilidad aguardan al mar.<br \/>\nNo es solo una joya: es un himno a la fuerza silenciosa, la memoria salada y el poder sereno de las mujeres del mar.<\/p>","protected":false},"excerpt":{"rendered":"<p>Pendiente gancho plata oxidada<br \/>\nMedidas: 2&#215;2\u00b45cm aprox.<\/p>","protected":false},"featured_media":402,"comment_status":"open","ping_status":"closed","template":"","meta":[],"product_brand":[],"product_cat":[23,29,33,25],"product_tag":[],"class_list":{"0":"post-1389","1":"product","2":"type-product","3":"status-publish","4":"has-post-thumbnail","6":"product_cat-o-mar-tamen-ten-mulleres","7":"product_cat-pendente","8":"product_cat-prata","9":"product_cat-redes","11":"first","12":"instock","13":"shipping-taxable","14":"purchasable","15":"product-type-simple"},"yoast_head":"<!-- This site is optimized with the Yoast SEO plugin v27.4 - https:\/\/yoast.com\/product\/yoast-seo-wordpress\/ -->\n<title>Redes Pendente Maxi \u00d3xido - ARELADEFE<\/title>\n<meta name=\"description\" content=\"Las redes se convierten en colgantes y pendientes, hilos de plata que atrapan historias. Piezas \u00fanicas, llenas de recuerdos marineros y dise\u00f1o contempor\u00e1neo\" \/>\n<meta name=\"robots\" content=\"index, follow, max-snippet:-1, max-image-preview:large, max-video-preview:-1\" \/>\n<link rel=\"canonical\" href=\"https:\/\/areladefe.com\/es\/producto\/redes-pendiente-maxi-oxido\/\" \/>\n<meta property=\"og:locale\" content=\"es_ES\" \/>\n<meta property=\"og:type\" content=\"article\" \/>\n<meta property=\"og:title\" content=\"Redes Pendente Maxi \u00d3xido - ARELADEFE\" \/>\n<meta property=\"og:description\" content=\"Las redes se convierten en colgantes y pendientes, hilos de plata que atrapan historias. Piezas \u00fanicas, llenas de recuerdos marineros y dise\u00f1o contempor\u00e1neo\" \/>\n<meta property=\"og:url\" content=\"https:\/\/areladefe.com\/es\/producto\/redes-pendiente-maxi-oxido\/\" \/>\n<meta property=\"og:site_name\" content=\"ARELADEFE\" \/>\n<meta property=\"article:modified_time\" content=\"2026-04-13T18:08:46+00:00\" \/>\n<meta property=\"og:image\" content=\"https:\/\/areladefe.com\/wp-content\/uploads\/2025\/09\/pendientes-o-mar-redes-plata-oscura-cuadrados-frontal.webp\" \/>\n\t<meta property=\"og:image:width\" content=\"1200\" \/>\n\t<meta property=\"og:image:height\" content=\"1200\" \/>\n\t<meta property=\"og:image:type\" content=\"image\/webp\" \/>\n<meta name=\"twitter:card\" content=\"summary_large_image\" \/>\n<meta name=\"twitter:label1\" content=\"Tiempo de lectura\" \/>\n\t<meta name=\"twitter:data1\" content=\"1 minuto\" \/>\n<script type=\"application\/ld+json\" class=\"yoast-schema-graph\">{\"@context\":\"https:\\\/\\\/schema.org\",\"@graph\":[{\"@type\":\"WebPage\",\"@id\":\"https:\\\/\\\/areladefe.com\\\/producto\\\/redes-pendiente-maxi-oxido\\\/\",\"url\":\"https:\\\/\\\/areladefe.com\\\/producto\\\/redes-pendiente-maxi-oxido\\\/\",\"name\":\"Redes Pendente Maxi \u00d3xido - ARELADEFE\",\"isPartOf\":{\"@id\":\"https:\\\/\\\/areladefe.com\\\/#website\"},\"primaryImageOfPage\":{\"@id\":\"https:\\\/\\\/areladefe.com\\\/producto\\\/redes-pendiente-maxi-oxido\\\/#primaryimage\"},\"image\":{\"@id\":\"https:\\\/\\\/areladefe.com\\\/producto\\\/redes-pendiente-maxi-oxido\\\/#primaryimage\"},\"thumbnailUrl\":\"https:\\\/\\\/areladefe.com\\\/wp-content\\\/uploads\\\/2025\\\/09\\\/pendientes-o-mar-redes-plata-oscura-cuadrados-frontal.webp\",\"datePublished\":\"2025-10-20T17:07:47+00:00\",\"dateModified\":\"2026-04-13T18:08:46+00:00\",\"description\":\"Las redes se convierten en colgantes y pendientes, hilos de plata que atrapan historias. Piezas \u00fanicas, llenas de recuerdos marineros y dise\u00f1o contempor\u00e1neo\",\"breadcrumb\":{\"@id\":\"https:\\\/\\\/areladefe.com\\\/producto\\\/redes-pendiente-maxi-oxido\\\/#breadcrumb\"},\"inLanguage\":\"es\",\"potentialAction\":[{\"@type\":\"ReadAction\",\"target\":[\"https:\\\/\\\/areladefe.com\\\/producto\\\/redes-pendiente-maxi-oxido\\\/\"]}]},{\"@type\":\"ImageObject\",\"inLanguage\":\"es\",\"@id\":\"https:\\\/\\\/areladefe.com\\\/producto\\\/redes-pendiente-maxi-oxido\\\/#primaryimage\",\"url\":\"https:\\\/\\\/areladefe.com\\\/wp-content\\\/uploads\\\/2025\\\/09\\\/pendientes-o-mar-redes-plata-oscura-cuadrados-frontal.webp\",\"contentUrl\":\"https:\\\/\\\/areladefe.com\\\/wp-content\\\/uploads\\\/2025\\\/09\\\/pendientes-o-mar-redes-plata-oscura-cuadrados-frontal.webp\",\"width\":1200,\"height\":1200},{\"@type\":\"BreadcrumbList\",\"@id\":\"https:\\\/\\\/areladefe.com\\\/producto\\\/redes-pendiente-maxi-oxido\\\/#breadcrumb\",\"itemListElement\":[{\"@type\":\"ListItem\",\"position\":1,\"name\":\"Portada\",\"item\":\"https:\\\/\\\/areladefe.com\\\/\"},{\"@type\":\"ListItem\",\"position\":2,\"name\":\"Tienda\",\"item\":\"https:\\\/\\\/areladefe.com\\\/tienda\\\/\"},{\"@type\":\"ListItem\",\"position\":3,\"name\":\"Redes Pendente Maxi \u00d3xido\"}]},{\"@type\":\"WebSite\",\"@id\":\"https:\\\/\\\/areladefe.com\\\/#website\",\"url\":\"https:\\\/\\\/areladefe.com\\\/\",\"name\":\"ARELADEFE\",\"description\":\"Xoier\u00eda creativa\",\"publisher\":{\"@id\":\"https:\\\/\\\/areladefe.com\\\/#organization\"},\"potentialAction\":[{\"@type\":\"SearchAction\",\"target\":{\"@type\":\"EntryPoint\",\"urlTemplate\":\"https:\\\/\\\/areladefe.com\\\/?s={search_term_string}\"},\"query-input\":{\"@type\":\"PropertyValueSpecification\",\"valueRequired\":true,\"valueName\":\"search_term_string\"}}],\"inLanguage\":\"es\"},{\"@type\":\"Organization\",\"@id\":\"https:\\\/\\\/areladefe.com\\\/#organization\",\"name\":\"ARELADEFE\",\"url\":\"https:\\\/\\\/areladefe.com\\\/\",\"logo\":{\"@type\":\"ImageObject\",\"inLanguage\":\"es\",\"@id\":\"https:\\\/\\\/areladefe.com\\\/#\\\/schema\\\/logo\\\/image\\\/\",\"url\":\"https:\\\/\\\/areladefe.com\\\/wp-content\\\/uploads\\\/2025\\\/10\\\/areladefe-xoieria-creativa-logo-color.png\",\"contentUrl\":\"https:\\\/\\\/areladefe.com\\\/wp-content\\\/uploads\\\/2025\\\/10\\\/areladefe-xoieria-creativa-logo-color.png\",\"width\":11811,\"height\":6377,\"caption\":\"ARELADEFE\"},\"image\":{\"@id\":\"https:\\\/\\\/areladefe.com\\\/#\\\/schema\\\/logo\\\/image\\\/\"},\"sameAs\":[\"https:\\\/\\\/www.instagram.com\\\/areladefe\\\/\"]}]}<\/script>\n<!-- \/ Yoast SEO plugin. -->","yoast_head_json":{"title":"Redes Pendente Maxi \u00d3xido - ARELADEFE","description":"Las redes se convierten en colgantes y pendientes, hilos de plata que atrapan historias. Piezas \u00fanicas, llenas de recuerdos marineros y dise\u00f1o contempor\u00e1neo","robots":{"index":"index","follow":"follow","max-snippet":"max-snippet:-1","max-image-preview":"max-image-preview:large","max-video-preview":"max-video-preview:-1"},"canonical":"https:\/\/areladefe.com\/es\/producto\/redes-pendiente-maxi-oxido\/","og_locale":"es_ES","og_type":"article","og_title":"Redes Pendente Maxi \u00d3xido - ARELADEFE","og_description":"Las redes se convierten en colgantes y pendientes, hilos de plata que atrapan historias. Piezas \u00fanicas, llenas de recuerdos marineros y dise\u00f1o contempor\u00e1neo","og_url":"https:\/\/areladefe.com\/es\/producto\/redes-pendiente-maxi-oxido\/","og_site_name":"ARELADEFE","article_modified_time":"2026-04-13T18:08:46+00:00","og_image":[{"width":1200,"height":1200,"url":"https:\/\/areladefe.com\/wp-content\/uploads\/2025\/09\/pendientes-o-mar-redes-plata-oscura-cuadrados-frontal.webp","type":"image\/webp"}],"twitter_card":"summary_large_image","twitter_misc":{"Tiempo de lectura":"1 minuto"},"schema":{"@context":"https:\/\/schema.org","@graph":[{"@type":"WebPage","@id":"https:\/\/areladefe.com\/producto\/redes-pendiente-maxi-oxido\/","url":"https:\/\/areladefe.com\/producto\/redes-pendiente-maxi-oxido\/","name":"Redes Pendente Maxi \u00d3xido - ARELADEFE","isPartOf":{"@id":"https:\/\/areladefe.com\/#website"},"primaryImageOfPage":{"@id":"https:\/\/areladefe.com\/producto\/redes-pendiente-maxi-oxido\/#primaryimage"},"image":{"@id":"https:\/\/areladefe.com\/producto\/redes-pendiente-maxi-oxido\/#primaryimage"},"thumbnailUrl":"https:\/\/areladefe.com\/wp-content\/uploads\/2025\/09\/pendientes-o-mar-redes-plata-oscura-cuadrados-frontal.webp","datePublished":"2025-10-20T17:07:47+00:00","dateModified":"2026-04-13T18:08:46+00:00","description":"Las redes se convierten en colgantes y pendientes, hilos de plata que atrapan historias. Piezas \u00fanicas, llenas de recuerdos marineros y dise\u00f1o contempor\u00e1neo","breadcrumb":{"@id":"https:\/\/areladefe.com\/producto\/redes-pendiente-maxi-oxido\/#breadcrumb"},"inLanguage":"es","potentialAction":[{"@type":"ReadAction","target":["https:\/\/areladefe.com\/producto\/redes-pendiente-maxi-oxido\/"]}]},{"@type":"ImageObject","inLanguage":"es","@id":"https:\/\/areladefe.com\/producto\/redes-pendiente-maxi-oxido\/#primaryimage","url":"https:\/\/areladefe.com\/wp-content\/uploads\/2025\/09\/pendientes-o-mar-redes-plata-oscura-cuadrados-frontal.webp","contentUrl":"https:\/\/areladefe.com\/wp-content\/uploads\/2025\/09\/pendientes-o-mar-redes-plata-oscura-cuadrados-frontal.webp","width":1200,"height":1200},{"@type":"BreadcrumbList","@id":"https:\/\/areladefe.com\/producto\/redes-pendiente-maxi-oxido\/#breadcrumb","itemListElement":[{"@type":"ListItem","position":1,"name":"Portada","item":"https:\/\/areladefe.com\/"},{"@type":"ListItem","position":2,"name":"Tienda","item":"https:\/\/areladefe.com\/tienda\/"},{"@type":"ListItem","position":3,"name":"Redes Pendente Maxi \u00d3xido"}]},{"@type":"WebSite","@id":"https:\/\/areladefe.com\/#website","url":"https:\/\/areladefe.com\/","name":"ARELADEFE","description":"Joyer\u00eda creativa","publisher":{"@id":"https:\/\/areladefe.com\/#organization"},"potentialAction":[{"@type":"SearchAction","target":{"@type":"EntryPoint","urlTemplate":"https:\/\/areladefe.com\/?s={search_term_string}"},"query-input":{"@type":"PropertyValueSpecification","valueRequired":true,"valueName":"search_term_string"}}],"inLanguage":"es"},{"@type":"Organization","@id":"https:\/\/areladefe.com\/#organization","name":"ARELADEFE","url":"https:\/\/areladefe.com\/","logo":{"@type":"ImageObject","inLanguage":"es","@id":"https:\/\/areladefe.com\/#\/schema\/logo\/image\/","url":"https:\/\/areladefe.com\/wp-content\/uploads\/2025\/10\/areladefe-xoieria-creativa-logo-color.png","contentUrl":"https:\/\/areladefe.com\/wp-content\/uploads\/2025\/10\/areladefe-xoieria-creativa-logo-color.png","width":11811,"height":6377,"caption":"ARELADEFE"},"image":{"@id":"https:\/\/areladefe.com\/#\/schema\/logo\/image\/"},"sameAs":["https:\/\/www.instagram.com\/areladefe\/"]}]}},"_links":{"self":[{"href":"https:\/\/areladefe.com\/es\/wp-json\/wp\/v2\/product\/1389","targetHints":{"allow":["GET"]}}],"collection":[{"href":"https:\/\/areladefe.com\/es\/wp-json\/wp\/v2\/product"}],"about":[{"href":"https:\/\/areladefe.com\/es\/wp-json\/wp\/v2\/types\/product"}],"replies":[{"embeddable":true,"href":"https:\/\/areladefe.com\/es\/wp-json\/wp\/v2\/comments?post=1389"}],"version-history":[{"count":3,"href":"https:\/\/areladefe.com\/es\/wp-json\/wp\/v2\/product\/1389\/revisions"}],"predecessor-version":[{"id":1709,"href":"https:\/\/areladefe.com\/es\/wp-json\/wp\/v2\/product\/1389\/revisions\/1709"}],"wp:featuredmedia":[{"embeddable":true,"href":"https:\/\/areladefe.com\/es\/wp-json\/wp\/v2\/media\/402"}],"wp:attachment":[{"href":"https:\/\/areladefe.com\/es\/wp-json\/wp\/v2\/media?parent=1389"}],"wp:term":[{"taxonomy":"product_brand","embeddable":true,"href":"https:\/\/areladefe.com\/es\/wp-json\/wp\/v2\/product_brand?post=1389"},{"taxonomy":"product_cat","embeddable":true,"href":"https:\/\/areladefe.com\/es\/wp-json\/wp\/v2\/product_cat?post=1389"},{"taxonomy":"product_tag","embeddable":true,"href":"https:\/\/areladefe.com\/es\/wp-json\/wp\/v2\/product_tag?post=1389"}],"curies":[{"name":"wp","href":"https:\/\/api.w.org\/{rel}","templated":true}]}}