{"id":938,"date":"2025-09-18T12:25:56","date_gmt":"2025-09-18T12:25:56","guid":{"rendered":"https:\/\/areladefe3054.live-website.com\/?post_type=product&#038;p=938"},"modified":"2025-10-16T18:04:21","modified_gmt":"2025-10-16T18:04:21","slug":"cunca-colgante-barra","status":"publish","type":"product","link":"https:\/\/areladefe.com\/es\/producto\/cunca-colgante-barra\/","title":{"rendered":"Cunca Colgante Barra"},"content":{"rendered":"<p>La Colecci\u00f3n Cuncas es la m\u00e1s emblem\u00e1tica de nuestra marca y sigue enamorando con el paso del tiempo.<br \/>\nElaboradas en plata de ley y esmalte azul intenso, cada pieza nos recuerda que la verdadera belleza reside en la imperfecci\u00f3n y la singularidad.<br \/>\nSu dise\u00f1o naci\u00f3 despu\u00e9s de leer el libro <em>Wabi-Sabi<\/em>, que celebra la est\u00e9tica japonesa de la ceremonia del t\u00e9, lo imperfecto, lo ef\u00edmero y lo esencial.<\/p>\n<p>Cuncas es mucho m\u00e1s que una colecci\u00f3n: es una declaraci\u00f3n de estilo y filosof\u00eda de vida, una joya que conecta con aquellos que buscan autenticidad y equilibrio.<\/p>","protected":false},"excerpt":{"rendered":"<p>A Colecci\u00f3n Cuncas \u00e9 a m\u00e1is emblem\u00e1tica da nosa marca e a que segue namorando co paso do tempo. Feita en prata de lei e esmalte azul profundo, cada peza\u00a0 l\u00e9mbranos que a verdadeira beleza reside na imperfecci\u00f3n e na singularidade. O seu dese\u00f1o naceu tras a lectura do libro Wabi-Sabi, que celebra a est\u00e9tica [&hellip;]<\/p>\n","protected":false},"featured_media":309,"comment_status":"open","ping_status":"closed","template":"","meta":[],"product_brand":[],"product_cat":[30,18,33],"product_tag":[],"class_list":{"0":"post-938","1":"product","2":"type-product","3":"status-publish","4":"has-post-thumbnail","6":"product_cat-colgante","7":"product_cat-cuncas","8":"product_cat-prata","10":"first","11":"instock","12":"shipping-taxable","13":"purchasable","14":"product-type-simple"},"yoast_head":"<!-- This site is optimized with the Yoast SEO plugin v27.4 - https:\/\/yoast.com\/product\/yoast-seo-wordpress\/ -->\n<title>Cunca Colgante Barra - ARELADEFE<\/title>\n<meta name=\"description\" content=\"Colecci\u00f3n Cuncas \u2013 xoias de prata con esmalte azul. Pezas inspiradas en pequenas cuncas irregulares que evocan a beleza imperfecta do wabi-sabi.\" \/>\n<meta name=\"robots\" content=\"index, follow, max-snippet:-1, max-image-preview:large, max-video-preview:-1\" \/>\n<link rel=\"canonical\" href=\"https:\/\/areladefe.com\/es\/producto\/cunca-colgante-barra\/\" \/>\n<meta property=\"og:locale\" content=\"es_ES\" \/>\n<meta property=\"og:type\" content=\"article\" \/>\n<meta property=\"og:title\" content=\"Cunca Colgante Barra - ARELADEFE\" \/>\n<meta property=\"og:description\" content=\"Colecci\u00f3n Cuncas \u2013 xoias de prata con esmalte azul. Pezas inspiradas en pequenas cuncas irregulares que evocan a beleza imperfecta do wabi-sabi.\" \/>\n<meta property=\"og:url\" content=\"https:\/\/areladefe.com\/es\/producto\/cunca-colgante-barra\/\" \/>\n<meta property=\"og:site_name\" content=\"ARELADEFE\" \/>\n<meta property=\"article:modified_time\" content=\"2025-10-16T18:04:21+00:00\" \/>\n<meta property=\"og:image\" content=\"https:\/\/areladefe.com\/wp-content\/uploads\/2025\/09\/colgante-cuncas-plata-azul-5-circulos.webp\" \/>\n\t<meta property=\"og:image:width\" content=\"1200\" \/>\n\t<meta property=\"og:image:height\" content=\"1200\" \/>\n\t<meta property=\"og:image:type\" content=\"image\/webp\" \/>\n<meta name=\"twitter:card\" content=\"summary_large_image\" \/>\n<meta name=\"twitter:label1\" content=\"Tiempo de lectura\" \/>\n\t<meta name=\"twitter:data1\" content=\"1 minuto\" \/>\n<script type=\"application\/ld+json\" class=\"yoast-schema-graph\">{\"@context\":\"https:\\\/\\\/schema.org\",\"@graph\":[{\"@type\":\"WebPage\",\"@id\":\"https:\\\/\\\/areladefe.com\\\/producto\\\/cunca-colgante-barra\\\/\",\"url\":\"https:\\\/\\\/areladefe.com\\\/producto\\\/cunca-colgante-barra\\\/\",\"name\":\"Cunca Colgante Barra - ARELADEFE\",\"isPartOf\":{\"@id\":\"https:\\\/\\\/areladefe.com\\\/#website\"},\"primaryImageOfPage\":{\"@id\":\"https:\\\/\\\/areladefe.com\\\/producto\\\/cunca-colgante-barra\\\/#primaryimage\"},\"image\":{\"@id\":\"https:\\\/\\\/areladefe.com\\\/producto\\\/cunca-colgante-barra\\\/#primaryimage\"},\"thumbnailUrl\":\"https:\\\/\\\/areladefe.com\\\/wp-content\\\/uploads\\\/2025\\\/09\\\/colgante-cuncas-plata-azul-5-circulos.webp\",\"datePublished\":\"2025-09-18T12:25:56+00:00\",\"dateModified\":\"2025-10-16T18:04:21+00:00\",\"description\":\"Colecci\u00f3n Cuncas \u2013 xoias de prata con esmalte azul. Pezas inspiradas en pequenas cuncas irregulares que evocan a beleza imperfecta do wabi-sabi.\",\"breadcrumb\":{\"@id\":\"https:\\\/\\\/areladefe.com\\\/producto\\\/cunca-colgante-barra\\\/#breadcrumb\"},\"inLanguage\":\"es\",\"potentialAction\":[{\"@type\":\"ReadAction\",\"target\":[\"https:\\\/\\\/areladefe.com\\\/producto\\\/cunca-colgante-barra\\\/\"]}]},{\"@type\":\"ImageObject\",\"inLanguage\":\"es\",\"@id\":\"https:\\\/\\\/areladefe.com\\\/producto\\\/cunca-colgante-barra\\\/#primaryimage\",\"url\":\"https:\\\/\\\/areladefe.com\\\/wp-content\\\/uploads\\\/2025\\\/09\\\/colgante-cuncas-plata-azul-5-circulos.webp\",\"contentUrl\":\"https:\\\/\\\/areladefe.com\\\/wp-content\\\/uploads\\\/2025\\\/09\\\/colgante-cuncas-plata-azul-5-circulos.webp\",\"width\":1200,\"height\":1200,\"caption\":\"Detalle de colgante Cuncas en plata con cinco piezas circulares esmaltadas en azul, joya artesanal.\"},{\"@type\":\"BreadcrumbList\",\"@id\":\"https:\\\/\\\/areladefe.com\\\/producto\\\/cunca-colgante-barra\\\/#breadcrumb\",\"itemListElement\":[{\"@type\":\"ListItem\",\"position\":1,\"name\":\"Portada\",\"item\":\"https:\\\/\\\/areladefe.com\\\/\"},{\"@type\":\"ListItem\",\"position\":2,\"name\":\"Tienda\",\"item\":\"https:\\\/\\\/areladefe.com\\\/tienda\\\/\"},{\"@type\":\"ListItem\",\"position\":3,\"name\":\"Cunca Colgante Barra\"}]},{\"@type\":\"WebSite\",\"@id\":\"https:\\\/\\\/areladefe.com\\\/#website\",\"url\":\"https:\\\/\\\/areladefe.com\\\/\",\"name\":\"ARELADEFE\",\"description\":\"Xoier\u00eda creativa\",\"publisher\":{\"@id\":\"https:\\\/\\\/areladefe.com\\\/#organization\"},\"potentialAction\":[{\"@type\":\"SearchAction\",\"target\":{\"@type\":\"EntryPoint\",\"urlTemplate\":\"https:\\\/\\\/areladefe.com\\\/?s={search_term_string}\"},\"query-input\":{\"@type\":\"PropertyValueSpecification\",\"valueRequired\":true,\"valueName\":\"search_term_string\"}}],\"inLanguage\":\"es\"},{\"@type\":\"Organization\",\"@id\":\"https:\\\/\\\/areladefe.com\\\/#organization\",\"name\":\"ARELADEFE\",\"url\":\"https:\\\/\\\/areladefe.com\\\/\",\"logo\":{\"@type\":\"ImageObject\",\"inLanguage\":\"es\",\"@id\":\"https:\\\/\\\/areladefe.com\\\/#\\\/schema\\\/logo\\\/image\\\/\",\"url\":\"https:\\\/\\\/areladefe.com\\\/wp-content\\\/uploads\\\/2025\\\/10\\\/areladefe-xoieria-creativa-logo-color.png\",\"contentUrl\":\"https:\\\/\\\/areladefe.com\\\/wp-content\\\/uploads\\\/2025\\\/10\\\/areladefe-xoieria-creativa-logo-color.png\",\"width\":11811,\"height\":6377,\"caption\":\"ARELADEFE\"},\"image\":{\"@id\":\"https:\\\/\\\/areladefe.com\\\/#\\\/schema\\\/logo\\\/image\\\/\"},\"sameAs\":[\"https:\\\/\\\/www.instagram.com\\\/areladefe\\\/\"]}]}<\/script>\n<!-- \/ Yoast SEO plugin. -->","yoast_head_json":{"title":"Cunca Colgante Barra - ARELADEFE","description":"Colecci\u00f3n Cuncas \u2013 xoias de prata con esmalte azul. Pezas inspiradas en pequenas cuncas irregulares que evocan a beleza imperfecta do wabi-sabi.","robots":{"index":"index","follow":"follow","max-snippet":"max-snippet:-1","max-image-preview":"max-image-preview:large","max-video-preview":"max-video-preview:-1"},"canonical":"https:\/\/areladefe.com\/es\/producto\/cunca-colgante-barra\/","og_locale":"es_ES","og_type":"article","og_title":"Cunca Colgante Barra - ARELADEFE","og_description":"Colecci\u00f3n Cuncas \u2013 xoias de prata con esmalte azul. Pezas inspiradas en pequenas cuncas irregulares que evocan a beleza imperfecta do wabi-sabi.","og_url":"https:\/\/areladefe.com\/es\/producto\/cunca-colgante-barra\/","og_site_name":"ARELADEFE","article_modified_time":"2025-10-16T18:04:21+00:00","og_image":[{"width":1200,"height":1200,"url":"https:\/\/areladefe.com\/wp-content\/uploads\/2025\/09\/colgante-cuncas-plata-azul-5-circulos.webp","type":"image\/webp"}],"twitter_card":"summary_large_image","twitter_misc":{"Tiempo de lectura":"1 minuto"},"schema":{"@context":"https:\/\/schema.org","@graph":[{"@type":"WebPage","@id":"https:\/\/areladefe.com\/producto\/cunca-colgante-barra\/","url":"https:\/\/areladefe.com\/producto\/cunca-colgante-barra\/","name":"Cunca Colgante Barra - ARELADEFE","isPartOf":{"@id":"https:\/\/areladefe.com\/#website"},"primaryImageOfPage":{"@id":"https:\/\/areladefe.com\/producto\/cunca-colgante-barra\/#primaryimage"},"image":{"@id":"https:\/\/areladefe.com\/producto\/cunca-colgante-barra\/#primaryimage"},"thumbnailUrl":"https:\/\/areladefe.com\/wp-content\/uploads\/2025\/09\/colgante-cuncas-plata-azul-5-circulos.webp","datePublished":"2025-09-18T12:25:56+00:00","dateModified":"2025-10-16T18:04:21+00:00","description":"Colecci\u00f3n Cuncas \u2013 xoias de prata con esmalte azul. Pezas inspiradas en pequenas cuncas irregulares que evocan a beleza imperfecta do wabi-sabi.","breadcrumb":{"@id":"https:\/\/areladefe.com\/producto\/cunca-colgante-barra\/#breadcrumb"},"inLanguage":"es","potentialAction":[{"@type":"ReadAction","target":["https:\/\/areladefe.com\/producto\/cunca-colgante-barra\/"]}]},{"@type":"ImageObject","inLanguage":"es","@id":"https:\/\/areladefe.com\/producto\/cunca-colgante-barra\/#primaryimage","url":"https:\/\/areladefe.com\/wp-content\/uploads\/2025\/09\/colgante-cuncas-plata-azul-5-circulos.webp","contentUrl":"https:\/\/areladefe.com\/wp-content\/uploads\/2025\/09\/colgante-cuncas-plata-azul-5-circulos.webp","width":1200,"height":1200,"caption":"Detalle de colgante Cuncas en plata con cinco piezas circulares esmaltadas en azul, joya artesanal."},{"@type":"BreadcrumbList","@id":"https:\/\/areladefe.com\/producto\/cunca-colgante-barra\/#breadcrumb","itemListElement":[{"@type":"ListItem","position":1,"name":"Portada","item":"https:\/\/areladefe.com\/"},{"@type":"ListItem","position":2,"name":"Tienda","item":"https:\/\/areladefe.com\/tienda\/"},{"@type":"ListItem","position":3,"name":"Cunca Colgante Barra"}]},{"@type":"WebSite","@id":"https:\/\/areladefe.com\/#website","url":"https:\/\/areladefe.com\/","name":"ARELADEFE","description":"Joyer\u00eda creativa","publisher":{"@id":"https:\/\/areladefe.com\/#organization"},"potentialAction":[{"@type":"SearchAction","target":{"@type":"EntryPoint","urlTemplate":"https:\/\/areladefe.com\/?s={search_term_string}"},"query-input":{"@type":"PropertyValueSpecification","valueRequired":true,"valueName":"search_term_string"}}],"inLanguage":"es"},{"@type":"Organization","@id":"https:\/\/areladefe.com\/#organization","name":"ARELADEFE","url":"https:\/\/areladefe.com\/","logo":{"@type":"ImageObject","inLanguage":"es","@id":"https:\/\/areladefe.com\/#\/schema\/logo\/image\/","url":"https:\/\/areladefe.com\/wp-content\/uploads\/2025\/10\/areladefe-xoieria-creativa-logo-color.png","contentUrl":"https:\/\/areladefe.com\/wp-content\/uploads\/2025\/10\/areladefe-xoieria-creativa-logo-color.png","width":11811,"height":6377,"caption":"ARELADEFE"},"image":{"@id":"https:\/\/areladefe.com\/#\/schema\/logo\/image\/"},"sameAs":["https:\/\/www.instagram.com\/areladefe\/"]}]}},"_links":{"self":[{"href":"https:\/\/areladefe.com\/es\/wp-json\/wp\/v2\/product\/938","targetHints":{"allow":["GET"]}}],"collection":[{"href":"https:\/\/areladefe.com\/es\/wp-json\/wp\/v2\/product"}],"about":[{"href":"https:\/\/areladefe.com\/es\/wp-json\/wp\/v2\/types\/product"}],"replies":[{"embeddable":true,"href":"https:\/\/areladefe.com\/es\/wp-json\/wp\/v2\/comments?post=938"}],"version-history":[{"count":2,"href":"https:\/\/areladefe.com\/es\/wp-json\/wp\/v2\/product\/938\/revisions"}],"predecessor-version":[{"id":1113,"href":"https:\/\/areladefe.com\/es\/wp-json\/wp\/v2\/product\/938\/revisions\/1113"}],"wp:featuredmedia":[{"embeddable":true,"href":"https:\/\/areladefe.com\/es\/wp-json\/wp\/v2\/media\/309"}],"wp:attachment":[{"href":"https:\/\/areladefe.com\/es\/wp-json\/wp\/v2\/media?parent=938"}],"wp:term":[{"taxonomy":"product_brand","embeddable":true,"href":"https:\/\/areladefe.com\/es\/wp-json\/wp\/v2\/product_brand?post=938"},{"taxonomy":"product_cat","embeddable":true,"href":"https:\/\/areladefe.com\/es\/wp-json\/wp\/v2\/product_cat?post=938"},{"taxonomy":"product_tag","embeddable":true,"href":"https:\/\/areladefe.com\/es\/wp-json\/wp\/v2\/product_tag?post=938"}],"curies":[{"name":"wp","href":"https:\/\/api.w.org\/{rel}","templated":true}]}}